{"id":8,"date":"2014-02-03T08:59:02","date_gmt":"2014-02-03T08:59:02","guid":{"rendered":"http:\/\/cifpn1.com\/calidad\/?page_id=8"},"modified":"2020-01-09T17:24:46","modified_gmt":"2020-01-09T16:24:46","slug":"gestion-de-residuos-y-mediambiente","status":"publish","type":"page","link":"https:\/\/cifpn1.com\/calidad\/?page_id=8","title":{"rendered":"Gesti\u00f3n de residuos y medioambiente"},"content":{"rendered":"<h4 class=\"title style-scope ytd-video-primary-info-renderer\" style=\"text-align: center;\"><span style=\"color: #333333;\"><strong>Generaci\u00f3n y gesti\u00f3n de residuos<\/strong><\/span><\/h4>\n<div class=\"ose-youtube ose-uid-29ac20fecc13c3878a81d09b41fe172f ose-embedpress-responsive\" style=\"width:652px; height:552px; max-height:552px; max-width:100%; display:inline-block;\" data-embed-type=\"Youtube\"><iframe loading=\"lazy\" allowFullScreen=\"true\" title=\"Generaci\u00f3n y gesti\u00f3n de residuos - Sostenibilidad | ACCIONA\" width=\"652\" height=\"552\" src=\"https:\/\/www.youtube.com\/embed\/BLkOZTMRCV0?feature=oembed&color=red&rel=0&controls=1&start=&end=&fs=0&iv_load_policy=0&autoplay=0&mute=0&modestbranding=0&cc_load_policy=1&playsinline=1\" frameborder=\"0\" allow=\"accelerometer; encrypted-media;accelerometer;autoplay;clipboard-write;gyroscope;picture-in-picture clipboard-write; encrypted-media; gyroscope; picture-in-picture; web-share\" referrerpolicy=\"strict-origin-when-cross-origin\" allowfullscreen><\/iframe><\/div>\n<h4 class=\"title style-scope ytd-video-primary-info-renderer\" style=\"text-align: center;\"><span style=\"color: #333333;\"><strong>Claves para una correcta gesti\u00f3n de los residuos en el taller<\/strong><\/span><\/h4>\nhttps:\/\/www.youtube.com\/watch?v=lcb-7L773Jg\n<p style=\"text-align: center;\"><strong>La Sopa de Pl\u00e1stico<\/strong><\/p>\n<div class=\"ose-youtube ose-uid-c7199b42524fa3c4ebbda5ee9befdf17 ose-embedpress-responsive\" style=\"width:652px; height:552px; max-height:552px; max-width:100%; display:inline-block;\" data-embed-type=\"Youtube\"><iframe loading=\"lazy\" allowFullScreen=\"true\" title=\"El continente basura\" width=\"652\" height=\"552\" src=\"https:\/\/www.youtube.com\/embed\/C1jz7qP66w8?feature=oembed&color=red&rel=0&controls=1&start=&end=&fs=0&iv_load_policy=0&autoplay=0&mute=0&modestbranding=0&cc_load_policy=1&playsinline=1\" frameborder=\"0\" allow=\"accelerometer; encrypted-media;accelerometer;autoplay;clipboard-write;gyroscope;picture-in-picture clipboard-write; encrypted-media; gyroscope; picture-in-picture; web-share\" referrerpolicy=\"strict-origin-when-cross-origin\" allowfullscreen><\/iframe><\/div>\n<p>&nbsp;<\/p>\n<p style=\"text-align: center;\"><strong>El S\u00e9ptimo Continente<\/strong><\/p>\n<div class=\"ose-youtube ose-uid-b90d21e266a971b8c86cd1a5c224c35b ose-embedpress-responsive\" style=\"width:652px; height:552px; max-height:552px; max-width:100%; display:inline-block;\" data-embed-type=\"Youtube\"><iframe loading=\"lazy\" allowFullScreen=\"true\" title=\"\/\/ El S\u00e9ptimo Continente \/\/\" width=\"652\" height=\"552\" src=\"https:\/\/www.youtube.com\/embed\/zKFagQBmuN4?feature=oembed&color=red&rel=0&controls=1&start=&end=&fs=0&iv_load_policy=0&autoplay=0&mute=0&modestbranding=0&cc_load_policy=1&playsinline=1\" frameborder=\"0\" allow=\"accelerometer; encrypted-media;accelerometer;autoplay;clipboard-write;gyroscope;picture-in-picture clipboard-write; encrypted-media; gyroscope; picture-in-picture; web-share\" referrerpolicy=\"strict-origin-when-cross-origin\" allowfullscreen><\/iframe><\/div>\n<p>&nbsp;<\/p>\n<p style=\"text-align: center;\"><strong>La Pesadilla de Darwin<\/strong><\/p>\nhttps:\/\/youtu.be\/g_6ZNbYdWzQ\n<p>&nbsp;<\/p>\n<p style=\"text-align: justify;\"><a href=\"https:\/\/educantabria-my.sharepoint.com\/personal\/tic_cifp_n1_educantabria_es\/_layouts\/15\/WopiFrame.aspx?guestaccesstoken=DOEyH5kDzdzkYsR2iLRtXgAHUqKyskbwTXI1D6UdInc%3d&amp;docid=0e4d847fd9c0e4261986ef562ff73e8c3&amp;action=view\" target=\"_blank\" rel=\"noopener noreferrer\">Presentaci\u00f3n sobre buenas pr\u00e1cticas ambientales<\/a><\/p>\n<p style=\"text-align: justify;\">Somos parte de una sociedad que produce y consume; por ello, la generaci\u00f3n de residuos es parte de nuestra manera de vivir y estos residuos constituyen un problema ambiental grave de nuestra sociedad. Su abandono o su gesti\u00f3n inadecuada puede producir impactos notables en el medio y pueden provocar la contaminaci\u00f3n del agua, suelo y aire, adem\u00e1s de contribuir al cambio clim\u00e1tico, afectar a los ecosistemas y a la salud humana.<\/p>\n<p style=\"text-align: justify;\">Sin embargo, si \u00e9stos se gestionan de forma adecuada, pueden convertirse en recursos contribuyendo as\u00ed al ahorro de materias prima<\/p>\n","protected":false},"excerpt":{"rendered":"<p>Generaci\u00f3n y gesti\u00f3n de residuos Claves para una correcta gesti\u00f3n de los residuos en el taller La Sopa de Pl\u00e1stico &nbsp; El S\u00e9ptimo Continente &nbsp; La Pesadilla de Darwin &nbsp; Presentaci\u00f3n sobre buenas pr\u00e1cticas ambientales Somos parte de una sociedad &hellip; <a href=\"https:\/\/cifpn1.com\/calidad\/?page_id=8\">Contin\u00faa leyendo <span class=\"meta-nav\">&rarr;<\/span><\/a><\/p>\n","protected":false},"author":4,"featured_media":0,"parent":0,"menu_order":0,"comment_status":"closed","ping_status":"closed","template":"","meta":{"footnotes":""},"class_list":["post-8","page","type-page","status-publish","hentry"],"_links":{"self":[{"href":"https:\/\/cifpn1.com\/calidad\/index.php?rest_route=\/wp\/v2\/pages\/8","targetHints":{"allow":["GET"]}}],"collection":[{"href":"https:\/\/cifpn1.com\/calidad\/index.php?rest_route=\/wp\/v2\/pages"}],"about":[{"href":"https:\/\/cifpn1.com\/calidad\/index.php?rest_route=\/wp\/v2\/types\/page"}],"author":[{"embeddable":true,"href":"https:\/\/cifpn1.com\/calidad\/index.php?rest_route=\/wp\/v2\/users\/4"}],"replies":[{"embeddable":true,"href":"https:\/\/cifpn1.com\/calidad\/index.php?rest_route=%2Fwp%2Fv2%2Fcomments&post=8"}],"version-history":[{"count":16,"href":"https:\/\/cifpn1.com\/calidad\/index.php?rest_route=\/wp\/v2\/pages\/8\/revisions"}],"predecessor-version":[{"id":355,"href":"https:\/\/cifpn1.com\/calidad\/index.php?rest_route=\/wp\/v2\/pages\/8\/revisions\/355"}],"wp:attachment":[{"href":"https:\/\/cifpn1.com\/calidad\/index.php?rest_route=%2Fwp%2Fv2%2Fmedia&parent=8"}],"curies":[{"name":"wp","href":"https:\/\/api.w.org\/{rel}","templated":true}]}}