{"id":2952,"date":"2020-05-23T19:03:23","date_gmt":"2020-05-23T18:03:23","guid":{"rendered":"https:\/\/cifpn1.com\/alarma\/?page_id=2952"},"modified":"2020-05-31T18:02:45","modified_gmt":"2020-05-31T17:02:45","slug":"informacion-general","status":"publish","type":"page","link":"https:\/\/cifpn1.com\/alarma\/?page_id=2952","title":{"rendered":"Informaci\u00f3n general MSCBS COVID-19"},"content":{"rendered":"<p style=\"text-align: center;\"><span style=\"background-color: #ededed;\"><span style=\"color: #ededed;\">_<\/span><span style=\"font-size: 10pt; color: #808080; background-color: #ededed;\"><strong>clic sobre las im\u00e1genes para acceder a los documentos<span style=\"color: #ededed;\">_<\/span><\/strong><\/span><\/span><\/p>\n<table style=\"height: 104px; width: 100%; border-collapse: collapse; border-style: hidden;\">\n<tbody>\n<tr style=\"height: 26px;\">\n<td style=\"width: 33.3333%; height: 26px; vertical-align: top; border-style: hidden;\">\n<p style=\"text-align: left;\"><span style=\"font-size: 14pt; color: #008000;\"><span style=\"color: #008000;\"><span style=\"font-size: 18.6667px;\">Qu\u00e9 es<\/span><\/span><\/span><\/p>\n<p><a href=\"https:\/\/drive.google.com\/open?id=1DeZXh6LuOx1H36TP-OFdnlBGf7hJbLTV\" target=\"_blank\" rel=\"noopener noreferrer\"><img loading=\"lazy\" decoding=\"async\" class=\"alignnone wp-image-2984 size-thumbnail\" src=\"https:\/\/cifpn1.com\/alarma\/wp-content\/uploads\/2020\/05\/COVID19_que_es-222x222.jpg\" alt=\"\" width=\"222\" height=\"222\" srcset=\"https:\/\/cifpn1.com\/alarma\/wp-content\/uploads\/2020\/05\/COVID19_que_es-222x222.jpg 222w, https:\/\/cifpn1.com\/alarma\/wp-content\/uploads\/2020\/05\/COVID19_que_es-656x658.jpg 656w, https:\/\/cifpn1.com\/alarma\/wp-content\/uploads\/2020\/05\/COVID19_que_es-768x770.jpg 768w, https:\/\/cifpn1.com\/alarma\/wp-content\/uploads\/2020\/05\/COVID19_que_es-1197x1200.jpg 1197w, https:\/\/cifpn1.com\/alarma\/wp-content\/uploads\/2020\/05\/COVID19_que_es.jpg 1440w\" sizes=\"auto, (max-width: 222px) 100vw, 222px\" \/><\/a> \u00a0\u00a0 \u00a0 \u00a0 \u00a0<\/p>\n<\/td>\n<td style=\"width: 33.3333%; height: 26px; vertical-align: top; border-style: hidden;\">\n<p style=\"text-align: left;\"><span style=\"font-size: 14pt; color: #008000;\"><span style=\"color: #008000;\"><span style=\"font-size: 18.6667px;\">Qu\u00e9 hacer<\/span><\/span><\/span><\/p>\n<p><a href=\"https:\/\/drive.google.com\/open?id=1S1yD5idJt1dc8i4l9Ck5VBPMhWKiKKcK\" target=\"_blank\" rel=\"noopener noreferrer\"><img loading=\"lazy\" decoding=\"async\" class=\"alignnone wp-image-2985 size-thumbnail\" src=\"https:\/\/cifpn1.com\/alarma\/wp-content\/uploads\/2020\/05\/COVID19_que_hacer-222x222.jpg\" alt=\"\" width=\"222\" height=\"222\" \/><\/a><\/p>\n<\/td>\n<td style=\"width: 33.3333%; height: 26px; vertical-align: top; border-style: hidden;\">\n<p style=\"text-align: left;\"><span style=\"color: #008000;\"><span style=\"font-size: 18.6667px;\"><span style=\"font-size: 14pt; color: #008000;\">Dec\u00e1logo c\u00f3mo actuar<\/span><\/span><\/span><\/p>\n<p><a href=\"https:\/\/drive.google.com\/open?id=1FJKTy6h0F2smnhZGUv7oC65WXt3Weclo\" target=\"_blank\" rel=\"noopener noreferrer\"><img loading=\"lazy\" decoding=\"async\" class=\"alignnone wp-image-2938 size-thumbnail\" src=\"https:\/\/cifpn1.com\/alarma\/wp-content\/uploads\/2020\/05\/DEC\u00c1LOGO-222x222.jpg\" alt=\"\" width=\"222\" height=\"222\" \/><\/a><\/p>\n<\/td>\n<\/tr>\n<tr style=\"height: 26px;\">\n<td style=\"width: 33.3333%; height: 26px; vertical-align: top; border-style: hidden;\">\n<p style=\"text-align: left;\"><span style=\"color: #008000;\"><span style=\"font-size: 18.6667px;\">C\u00f3mo protegerse<\/span><\/span><\/p>\n<p><a href=\"https:\/\/drive.google.com\/open?id=10ujcCi6q_vCvBS_tt5V9JjcNKokVfsin\" target=\"_blank\" rel=\"noopener noreferrer\"><img loading=\"lazy\" decoding=\"async\" class=\"alignnone wp-image-2981 size-thumbnail\" src=\"https:\/\/cifpn1.com\/alarma\/wp-content\/uploads\/2020\/05\/COVID19_como_protegerse-222x222.jpg\" alt=\"\" width=\"222\" height=\"222\" srcset=\"https:\/\/cifpn1.com\/alarma\/wp-content\/uploads\/2020\/05\/COVID19_como_protegerse-222x222.jpg 222w, https:\/\/cifpn1.com\/alarma\/wp-content\/uploads\/2020\/05\/COVID19_como_protegerse-656x656.jpg 656w, https:\/\/cifpn1.com\/alarma\/wp-content\/uploads\/2020\/05\/COVID19_como_protegerse-768x768.jpg 768w, https:\/\/cifpn1.com\/alarma\/wp-content\/uploads\/2020\/05\/COVID19_como_protegerse-1536x1536.jpg 1536w, https:\/\/cifpn1.com\/alarma\/wp-content\/uploads\/2020\/05\/COVID19_como_protegerse-2048x2048.jpg 2048w, https:\/\/cifpn1.com\/alarma\/wp-content\/uploads\/2020\/05\/COVID19_como_protegerse-1200x1200.jpg 1200w\" sizes=\"auto, (max-width: 222px) 100vw, 222px\" \/><\/a><\/p>\n<\/td>\n<td style=\"width: 33.3333%; height: 26px; vertical-align: top; border-style: hidden;\">\n<p style=\"text-align: left;\"><span style=\"color: #008000;\"><span style=\"font-size: 18.6667px;\">C\u00f3mo se transmite<\/span><\/span><\/p>\n<p><a href=\"https:\/\/drive.google.com\/open?id=1QDdA35oTnuOLnLyIVpYW0JfPPIeZ-Mfz\" target=\"_blank\" rel=\"noopener noreferrer\"><img loading=\"lazy\" decoding=\"async\" class=\"alignnone wp-image-2982 size-thumbnail\" src=\"https:\/\/cifpn1.com\/alarma\/wp-content\/uploads\/2020\/05\/COVID19_como_se_transmite-222x222.jpg\" alt=\"\" width=\"222\" height=\"222\" srcset=\"https:\/\/cifpn1.com\/alarma\/wp-content\/uploads\/2020\/05\/COVID19_como_se_transmite-222x222.jpg 222w, https:\/\/cifpn1.com\/alarma\/wp-content\/uploads\/2020\/05\/COVID19_como_se_transmite-656x656.jpg 656w, https:\/\/cifpn1.com\/alarma\/wp-content\/uploads\/2020\/05\/COVID19_como_se_transmite-768x768.jpg 768w, https:\/\/cifpn1.com\/alarma\/wp-content\/uploads\/2020\/05\/COVID19_como_se_transmite-1536x1536.jpg 1536w, https:\/\/cifpn1.com\/alarma\/wp-content\/uploads\/2020\/05\/COVID19_como_se_transmite-2048x2048.jpg 2048w, https:\/\/cifpn1.com\/alarma\/wp-content\/uploads\/2020\/05\/COVID19_como_se_transmite-1200x1200.jpg 1200w\" sizes=\"auto, (max-width: 222px) 100vw, 222px\" \/><\/a><\/p>\n<\/td>\n<td style=\"width: 33.3333%; height: 26px; vertical-align: top; border-style: hidden;\">\n<p><span style=\"color: #008000;\"><span style=\"font-size: 18.6667px;\">Cuarentena contactos<\/span><\/span><\/p>\n<p><a href=\"https:\/\/drive.google.com\/open?id=1LjIy01c149dtmkCKOyJfL73sDsh17u8z\" target=\"_blank\" rel=\"noopener noreferrer\"><img loading=\"lazy\" decoding=\"async\" class=\"alignnone wp-image-2983 size-thumbnail\" src=\"https:\/\/cifpn1.com\/alarma\/wp-content\/uploads\/2020\/05\/COVID19_cuarentena_contactos-222x222.jpg\" alt=\"\" width=\"222\" height=\"222\" srcset=\"https:\/\/cifpn1.com\/alarma\/wp-content\/uploads\/2020\/05\/COVID19_cuarentena_contactos-222x222.jpg 222w, https:\/\/cifpn1.com\/alarma\/wp-content\/uploads\/2020\/05\/COVID19_cuarentena_contactos-656x656.jpg 656w, https:\/\/cifpn1.com\/alarma\/wp-content\/uploads\/2020\/05\/COVID19_cuarentena_contactos-768x768.jpg 768w, https:\/\/cifpn1.com\/alarma\/wp-content\/uploads\/2020\/05\/COVID19_cuarentena_contactos-1536x1536.jpg 1536w, https:\/\/cifpn1.com\/alarma\/wp-content\/uploads\/2020\/05\/COVID19_cuarentena_contactos-1200x1200.jpg 1200w, https:\/\/cifpn1.com\/alarma\/wp-content\/uploads\/2020\/05\/COVID19_cuarentena_contactos.jpg 1800w\" sizes=\"auto, (max-width: 222px) 100vw, 222px\" \/><\/a><\/p>\n<\/td>\n<\/tr>\n<tr style=\"height: 26px;\">\n<td style=\"width: 33.3333%; height: 26px; vertical-align: top; border-style: hidden;\">\n<p><span style=\"font-size: 14pt; color: #008000;\">Aislamiento domiciliario<\/span><\/p>\n<p><a href=\"https:\/\/drive.google.com\/open?id=1dg4gxqozPJjLd9xvMO28meNNfWS3bVs_\" target=\"_blank\" rel=\"noopener noreferrer\"><img loading=\"lazy\" decoding=\"async\" class=\"alignnone wp-image-2979 size-thumbnail\" src=\"https:\/\/cifpn1.com\/alarma\/wp-content\/uploads\/2020\/05\/COVID19_AislamientoDomiciliario-222x222.jpg\" alt=\"\" width=\"222\" height=\"222\" \/><\/a><\/p>\n<\/td>\n<td style=\"width: 33.3333%; height: 26px; vertical-align: top; border-style: hidden;\">\n<p><span style=\"color: #008000;\"><span style=\"font-size: 18.6667px;\">A\u00edslate<\/span><\/span><\/p>\n<p><a href=\"https:\/\/drive.google.com\/open?id=1Wuovo7VuDIS9khh-WeSBUoyL81oVsLMe\" target=\"_blank\" rel=\"noopener noreferrer\"><img loading=\"lazy\" decoding=\"async\" class=\"alignnone wp-image-2980 size-thumbnail\" src=\"https:\/\/cifpn1.com\/alarma\/wp-content\/uploads\/2020\/05\/COVID19_aislate-222x222.jpg\" alt=\"\" width=\"222\" height=\"222\" srcset=\"https:\/\/cifpn1.com\/alarma\/wp-content\/uploads\/2020\/05\/COVID19_aislate-222x222.jpg 222w, https:\/\/cifpn1.com\/alarma\/wp-content\/uploads\/2020\/05\/COVID19_aislate-656x656.jpg 656w, https:\/\/cifpn1.com\/alarma\/wp-content\/uploads\/2020\/05\/COVID19_aislate-768x768.jpg 768w, https:\/\/cifpn1.com\/alarma\/wp-content\/uploads\/2020\/05\/COVID19_aislate-1536x1536.jpg 1536w, https:\/\/cifpn1.com\/alarma\/wp-content\/uploads\/2020\/05\/COVID19_aislate-1200x1200.jpg 1200w, https:\/\/cifpn1.com\/alarma\/wp-content\/uploads\/2020\/05\/COVID19_aislate.jpg 1800w\" sizes=\"auto, (max-width: 222px) 100vw, 222px\" \/><\/a><\/p>\n<\/td>\n<td style=\"width: 33.3333%; height: 26px; vertical-align: top; border-style: hidden;\">\n<p><span style=\"color: #008000;\"><span style=\"font-size: 18.6667px;\">S\u00edntomas<\/span><\/span><\/p>\n<p><a href=\"https:\/\/drive.google.com\/open?id=18VwRfBhp27qjR7l5HNThnox0alpLaJu4\" target=\"_blank\" rel=\"noopener noreferrer\"><img loading=\"lazy\" decoding=\"async\" class=\"alignnone wp-image-2987 size-thumbnail\" src=\"https:\/\/cifpn1.com\/alarma\/wp-content\/uploads\/2020\/05\/COVID19_sintomas-222x222.jpg\" alt=\"\" width=\"222\" height=\"222\" srcset=\"https:\/\/cifpn1.com\/alarma\/wp-content\/uploads\/2020\/05\/COVID19_sintomas-222x222.jpg 222w, https:\/\/cifpn1.com\/alarma\/wp-content\/uploads\/2020\/05\/COVID19_sintomas-656x656.jpg 656w, https:\/\/cifpn1.com\/alarma\/wp-content\/uploads\/2020\/05\/COVID19_sintomas-768x768.jpg 768w, https:\/\/cifpn1.com\/alarma\/wp-content\/uploads\/2020\/05\/COVID19_sintomas-1536x1536.jpg 1536w, https:\/\/cifpn1.com\/alarma\/wp-content\/uploads\/2020\/05\/COVID19_sintomas-2048x2048.jpg 2048w, https:\/\/cifpn1.com\/alarma\/wp-content\/uploads\/2020\/05\/COVID19_sintomas-1200x1200.jpg 1200w\" sizes=\"auto, (max-width: 222px) 100vw, 222px\" \/><\/a><\/p>\n<\/td>\n<\/tr>\n<tr style=\"height: 26px;\">\n<td style=\"width: 33.3333%; height: 26px; vertical-align: top; border-style: hidden;\">\n<p><span style=\"color: #008000;\"><span style=\"font-size: 18.6667px;\"><span style=\"color: #008000;\">Qu\u00e9 hago si conozco a alguien con s\u00edntomas<\/span><\/span><\/span><\/p>\n<p><a href=\"https:\/\/drive.google.com\/open?id=1oVYEicHuiO10Lprd4ZEkJQ4UAz3hO8j5\" target=\"_blank\" rel=\"noopener noreferrer\"><img loading=\"lazy\" decoding=\"async\" class=\"alignnone wp-image-2986 size-thumbnail\" src=\"https:\/\/cifpn1.com\/alarma\/wp-content\/uploads\/2020\/05\/COVID19_que_hago_si_conozco_alguien_con_sintomas-222x222.jpg\" alt=\"\" width=\"222\" height=\"222\" \/><\/a><\/p>\n<\/td>\n<td style=\"width: 33.3333%; height: 26px; vertical-align: top; border-style: hidden;\">\n<p><span style=\"color: #008000;\"><span style=\"font-size: 18.6667px;\">Test<\/span><\/span><\/p>\n<p><a href=\"https:\/\/drive.google.com\/open?id=1Q7h9sPT1PLsuk5k7d_SIZBriJOj_1Y-U\" target=\"_blank\" rel=\"noopener noreferrer\"><img loading=\"lazy\" decoding=\"async\" class=\"alignnone wp-image-2988 size-thumbnail\" src=\"https:\/\/cifpn1.com\/alarma\/wp-content\/uploads\/2020\/05\/COVID19_Test-222x222.jpg\" alt=\"\" width=\"222\" height=\"222\" \/><\/a><\/p>\n<\/td>\n<td style=\"width: 33.3333%; height: 26px; vertical-align: top; border-style: hidden;\">\n<p><span style=\"color: #008000;\"><span style=\"font-size: 18.6667px;\">Tratamiento<\/span><\/span><\/p>\n<p><a href=\"https:\/\/drive.google.com\/open?id=1CQtTwNsX8AigYyWi1O9FjLfV0yhYsa3X\" target=\"_blank\" rel=\"noopener noreferrer\"><img loading=\"lazy\" decoding=\"async\" class=\"alignnone wp-image-2989 size-thumbnail\" src=\"https:\/\/cifpn1.com\/alarma\/wp-content\/uploads\/2020\/05\/COVID19_tratamiento-222x222.jpg\" alt=\"\" width=\"222\" height=\"222\" srcset=\"https:\/\/cifpn1.com\/alarma\/wp-content\/uploads\/2020\/05\/COVID19_tratamiento-222x222.jpg 222w, https:\/\/cifpn1.com\/alarma\/wp-content\/uploads\/2020\/05\/COVID19_tratamiento-656x656.jpg 656w, https:\/\/cifpn1.com\/alarma\/wp-content\/uploads\/2020\/05\/COVID19_tratamiento-768x768.jpg 768w, https:\/\/cifpn1.com\/alarma\/wp-content\/uploads\/2020\/05\/COVID19_tratamiento-1536x1536.jpg 1536w, https:\/\/cifpn1.com\/alarma\/wp-content\/uploads\/2020\/05\/COVID19_tratamiento-2048x2048.jpg 2048w, https:\/\/cifpn1.com\/alarma\/wp-content\/uploads\/2020\/05\/COVID19_tratamiento-1200x1200.jpg 1200w\" sizes=\"auto, (max-width: 222px) 100vw, 222px\" \/><\/a><\/p>\n<\/td>\n<\/tr>\n<\/tbody>\n<\/table>\n","protected":false},"excerpt":{"rendered":"<p>_clic sobre las im\u00e1genes para acceder a los documentos_ Qu\u00e9 es \u00a0\u00a0 \u00a0 \u00a0 \u00a0 Qu\u00e9 hacer Dec\u00e1logo c\u00f3mo actuar C\u00f3mo protegerse C\u00f3mo se transmite Cuarentena contactos Aislamiento domiciliario A\u00edslate S\u00edntomas Qu\u00e9 hago si conozco a alguien con s\u00edntomas Test &hellip; <a href=\"https:\/\/cifpn1.com\/alarma\/?page_id=2952\">Sigue leyendo <span class=\"meta-nav\">&rarr;<\/span><\/a><\/p>\n","protected":false},"author":3,"featured_media":3069,"parent":0,"menu_order":0,"comment_status":"closed","ping_status":"closed","template":"","meta":{"footnotes":""},"class_list":["post-2952","page","type-page","status-publish","has-post-thumbnail","hentry"],"_links":{"self":[{"href":"https:\/\/cifpn1.com\/alarma\/index.php?rest_route=\/wp\/v2\/pages\/2952","targetHints":{"allow":["GET"]}}],"collection":[{"href":"https:\/\/cifpn1.com\/alarma\/index.php?rest_route=\/wp\/v2\/pages"}],"about":[{"href":"https:\/\/cifpn1.com\/alarma\/index.php?rest_route=\/wp\/v2\/types\/page"}],"author":[{"embeddable":true,"href":"https:\/\/cifpn1.com\/alarma\/index.php?rest_route=\/wp\/v2\/users\/3"}],"replies":[{"embeddable":true,"href":"https:\/\/cifpn1.com\/alarma\/index.php?rest_route=%2Fwp%2Fv2%2Fcomments&post=2952"}],"version-history":[{"count":19,"href":"https:\/\/cifpn1.com\/alarma\/index.php?rest_route=\/wp\/v2\/pages\/2952\/revisions"}],"predecessor-version":[{"id":3180,"href":"https:\/\/cifpn1.com\/alarma\/index.php?rest_route=\/wp\/v2\/pages\/2952\/revisions\/3180"}],"wp:featuredmedia":[{"embeddable":true,"href":"https:\/\/cifpn1.com\/alarma\/index.php?rest_route=\/wp\/v2\/media\/3069"}],"wp:attachment":[{"href":"https:\/\/cifpn1.com\/alarma\/index.php?rest_route=%2Fwp%2Fv2%2Fmedia&parent=2952"}],"curies":[{"name":"wp","href":"https:\/\/api.w.org\/{rel}","templated":true}]}}