{"id":2886,"date":"2020-05-18T17:57:02","date_gmt":"2020-05-18T16:57:02","guid":{"rendered":"https:\/\/cifpn1.com\/alarma\/?page_id=2886"},"modified":"2020-09-04T16:26:21","modified_gmt":"2020-09-04T15:26:21","slug":"personal","status":"publish","type":"page","link":"https:\/\/cifpn1.com\/alarma\/?page_id=2886","title":{"rendered":"Personal"},"content":{"rendered":"<p style=\"text-align: center;\"><span style=\"background-color: #ededed;\"><span style=\"color: #ededed;\">_<\/span><span style=\"font-size: 10pt; color: #808080; background-color: #ededed;\"><strong>clic sobre las im\u00e1genes para acceder a los documentos<span style=\"color: #ededed;\">_<\/span><\/strong><\/span><\/span><\/p>\n<table class=\" aligncenter\" style=\"width: 100%; border-collapse: collapse; border-style: hidden;\" border=\"0\" cellspacing=\"10\" cellpadding=\"0\">\n<tbody>\n<tr>\n<td style=\"width: 33.3333%; vertical-align: top; border-style: hidden;\">\n<p style=\"text-align: center;\"><span style=\"font-size: 14pt; color: #008000;\">Gu\u00eda de actuaci\u00f3n ante la aparici\u00f3n de casos de COVID-19 en centros educativos<\/span><\/p>\n<p><a href=\"https:\/\/www.mscbs.gob.es\/profesionales\/saludPublica\/ccayes\/alertasActual\/nCov\/documentos\/27_08_2020_Guia_de_actuacion_centros_educativos.pdf\" target=\"_blank\" rel=\"nofollow noopener noreferrer\"><img loading=\"lazy\" decoding=\"async\" class=\"size-full wp-image-3250 aligncenter\" src=\"https:\/\/cifpn1.com\/alarma\/wp-content\/uploads\/2020\/08\/gu\u00eda-de-actuaci\u00f3n-ante-la-aparici\u00f3n-de-casos-de-COVID-19.png\" alt=\"\" width=\"240\" height=\"326\" \/><\/a><\/p>\n<p style=\"text-align: center;\"><span style=\"font-size: 14pt; color: #008000;\">\u00a0<\/span><\/p>\n<\/td>\n<td style=\"width: 33.3333%; vertical-align: top; border-style: hidden;\">\n<p style=\"text-align: center;\"><span style=\"color: #008000;\"><span style=\"font-size: 18.6667px;\">Protocolo para la prevenci\u00f3n por COVID-19 en el \u00e1mbito docente en el curso 2020-2021<\/span><\/span><\/p>\n<p><a href=\"https:\/\/www.educantabria.es\/docs\/Protocolo_para_la_prevenci%C3%B3n_del_contagio_por_COVID-19_en_el_%C3%A1mbito_docente_para_el_curso_2020-21.pdf\" target=\"_blank\" rel=\"nofollow noopener noreferrer\"><img loading=\"lazy\" decoding=\"async\" class=\"wp-image-3273 size-full aligncenter\" src=\"https:\/\/cifpn1.com\/alarma\/wp-content\/uploads\/2020\/09\/protocolo-prevenci\u00f3n-contagio-COVID-19-para-curso-2020-21-rev.-30-agosto.png\" alt=\"\" width=\"240\" height=\"240\" srcset=\"https:\/\/cifpn1.com\/alarma\/wp-content\/uploads\/2020\/09\/protocolo-prevenci\u00f3n-contagio-COVID-19-para-curso-2020-21-rev.-30-agosto.png 431w, https:\/\/cifpn1.com\/alarma\/wp-content\/uploads\/2020\/09\/protocolo-prevenci\u00f3n-contagio-COVID-19-para-curso-2020-21-rev.-30-agosto-222x222.png 222w\" sizes=\"auto, (max-width: 240px) 100vw, 240px\" \/><\/a><\/p>\n<p style=\"text-align: center;\"><span style=\"font-size: 14pt; color: #008000;\">\u00a0<\/span><\/p>\n<\/td>\n<td style=\"width: 33.3333%; vertical-align: top; border-style: hidden;\">\n<p style=\"text-align: center;\"><span style=\"font-size: 14pt; color: #008000;\">\u00a0<\/span><\/p>\n<\/td>\n<\/tr>\n<tr style=\"height: 43px;\">\n<td style=\"width: 33.3333%; height: 43px; vertical-align: top; border-style: hidden;\">\n<p style=\"text-align: center;\"><span style=\"font-size: 14pt; color: #008000;\">Ficha empleado de servicios<\/span><\/p>\n<p style=\"text-align: center;\"><a href=\"https:\/\/www.educantabria.es\/docs\/protocolos_covid\/Ficha_de_puesto_Empleado_de_servicios_v250820.pdf\" target=\"_blank\" rel=\"noopener noreferrer\"><img loading=\"lazy\" decoding=\"async\" class=\"aligncenter wp-image-2939\" src=\"https:\/\/cifpn1.com\/alarma\/wp-content\/uploads\/2020\/05\/FICHA-EMPLEADO-DE-SERVICIOS.jpg\" alt=\"\" width=\"240\" height=\"356\" \/><\/a><\/p>\n<\/td>\n<td style=\"width: 33.3333%; height: 43px; vertical-align: top; border-style: hidden;\">\n<p style=\"text-align: center;\"><span style=\"font-size: 14pt; color: #008000;\">Ficha puesto <\/span><span style=\"color: #008000; font-size: 14pt; font-family: inherit;\">subalterno<\/span><\/p>\n<p><a href=\"https:\/\/www.educantabria.es\/docs\/protocolos_covid\/Ficha_tipo_puesto_subalterno_v250820.pdf\" target=\"_blank\" rel=\"noopener noreferrer\"><img loading=\"lazy\" decoding=\"async\" class=\"aligncenter wp-image-2941\" src=\"https:\/\/cifpn1.com\/alarma\/wp-content\/uploads\/2020\/05\/FICHA-PUESTO-SUBALTERNO.jpg\" alt=\"\" width=\"240\" height=\"322\" \/><\/a><\/p>\n<\/td>\n<td style=\"width: 33.3333%; height: 43px; vertical-align: top; border-style: hidden;\">\n<p style=\"text-align: center;\"><span style=\"font-size: 14pt; color: #008000;\">Ficha puesto de la administraci\u00f3n con atenci\u00f3n al p\u00fablico<\/span><\/p>\n<p><a href=\"https:\/\/www.educantabria.es\/docs\/protocolos_covid\/Ficha_de_puesto_Administrativo_v250820.pdf\" target=\"_blank\" rel=\"noopener noreferrer\"><img loading=\"lazy\" decoding=\"async\" class=\"aligncenter wp-image-2940\" src=\"https:\/\/cifpn1.com\/alarma\/wp-content\/uploads\/2020\/05\/FICHA-PUESTO-CON-ATENCI\u00d3N-AL-P\u00daBLICO.jpg\" alt=\"\" width=\"240\" height=\"342\" \/><\/a><\/p>\n<\/td>\n<\/tr>\n<tr>\n<td style=\"width: 33.3333%; vertical-align: top; border-style: hidden;\">\n<p style=\"text-align: center;\"><span style=\"font-size: 14pt; color: #008000;\">\u00a0<\/span><\/p>\n<\/td>\n<td style=\"width: 33.3333%; vertical-align: top; border-style: hidden;\">\n<p style=\"text-align: center;\"><span style=\"font-size: 14pt; color: #008000;\">\u00a0<\/span><\/p>\n<\/td>\n<td style=\"width: 33.3333%; vertical-align: top; border-style: hidden;\">\n<p style=\"text-align: center;\"><span style=\"font-size: 14pt; color: #008000;\">Protocolo \u00e1mbito docente reincorporaci\u00f3n<\/span><\/p>\n<p><a title=\"Protocolo\" href=\"https:\/\/drive.google.com\/file\/d\/1IJeJg7PhrdIusHlSVdHfPQtcsbqCzIRC\/view?usp=sharing\" target=\"_blank\" rel=\"noopener noreferrer\"><img loading=\"lazy\" decoding=\"async\" class=\"aligncenter wp-image-2893\" src=\"https:\/\/cifpn1.com\/alarma\/wp-content\/uploads\/2020\/05\/protocolo.png\" alt=\"\" width=\"240\" height=\"328\" \/><\/a><\/p>\n<\/td>\n<\/tr>\n<\/tbody>\n<\/table>\n<h5>Documentaci\u00f3n relacionada en la Web de educantabria<\/h5>\n<ul>\n<li><a href=\"https:\/\/www.educantabria.es\/1234-general-informacion\/39722320-protocolos-de-prevencion-covid-19.html\" target=\"_blank\" rel=\"nofollow noopener noreferrer\">Protocolos de prevenci\u00f3n COVID-19<\/a><\/li>\n<li><a href=\"https:\/\/www.educantabria.es\/docs\/protocolos_covid\/Bases_incorporaci%C3%B3n_PAS_29.06.2020.pdf\" target=\"_blank\" rel=\"nofollow noopener noreferrer\">Bases para la reincorporaci\u00f3n a la actividad presencial del personal de administraci\u00f3n y servicios (PAS)<\/a><\/li>\n<\/ul>\n","protected":false},"excerpt":{"rendered":"<p>_clic sobre las im\u00e1genes para acceder a los documentos_ Gu\u00eda de actuaci\u00f3n ante la aparici\u00f3n de casos de COVID-19 en centros educativos \u00a0 Protocolo para la prevenci\u00f3n por COVID-19 en el \u00e1mbito docente en el curso 2020-2021 \u00a0 \u00a0 Ficha &hellip; <a href=\"https:\/\/cifpn1.com\/alarma\/?page_id=2886\">Sigue leyendo <span class=\"meta-nav\">&rarr;<\/span><\/a><\/p>\n","protected":false},"author":3,"featured_media":3078,"parent":0,"menu_order":0,"comment_status":"closed","ping_status":"closed","template":"","meta":{"footnotes":""},"class_list":["post-2886","page","type-page","status-publish","has-post-thumbnail","hentry"],"_links":{"self":[{"href":"https:\/\/cifpn1.com\/alarma\/index.php?rest_route=\/wp\/v2\/pages\/2886","targetHints":{"allow":["GET"]}}],"collection":[{"href":"https:\/\/cifpn1.com\/alarma\/index.php?rest_route=\/wp\/v2\/pages"}],"about":[{"href":"https:\/\/cifpn1.com\/alarma\/index.php?rest_route=\/wp\/v2\/types\/page"}],"author":[{"embeddable":true,"href":"https:\/\/cifpn1.com\/alarma\/index.php?rest_route=\/wp\/v2\/users\/3"}],"replies":[{"embeddable":true,"href":"https:\/\/cifpn1.com\/alarma\/index.php?rest_route=%2Fwp%2Fv2%2Fcomments&post=2886"}],"version-history":[{"count":31,"href":"https:\/\/cifpn1.com\/alarma\/index.php?rest_route=\/wp\/v2\/pages\/2886\/revisions"}],"predecessor-version":[{"id":3282,"href":"https:\/\/cifpn1.com\/alarma\/index.php?rest_route=\/wp\/v2\/pages\/2886\/revisions\/3282"}],"wp:featuredmedia":[{"embeddable":true,"href":"https:\/\/cifpn1.com\/alarma\/index.php?rest_route=\/wp\/v2\/media\/3078"}],"wp:attachment":[{"href":"https:\/\/cifpn1.com\/alarma\/index.php?rest_route=%2Fwp%2Fv2%2Fmedia&parent=2886"}],"curies":[{"name":"wp","href":"https:\/\/api.w.org\/{rel}","templated":true}]}}