{"id":2882,"date":"2020-05-18T17:56:30","date_gmt":"2020-05-18T16:56:30","guid":{"rendered":"https:\/\/cifpn1.com\/alarma\/?page_id=2882"},"modified":"2020-09-04T17:18:04","modified_gmt":"2020-09-04T16:18:04","slug":"alumnado","status":"publish","type":"page","link":"https:\/\/cifpn1.com\/alarma\/?page_id=2882","title":{"rendered":"Alumnado"},"content":{"rendered":"<p style=\"text-align: center;\"><span style=\"background-color: #ededed;\"><span style=\"color: #ededed;\">_<\/span><span style=\"font-size: 10pt; color: #808080; background-color: #ededed;\"><strong>clic sobre la imagen para acceder a los documentos<span style=\"color: #ededed;\">_<\/span><\/strong><\/span><\/span><\/p>\n<table style=\"width: 100%; border-collapse: collapse; border-style: none;\">\n<tbody>\n<tr>\n<td style=\"width: 50%; border-style: none; text-align: center; vertical-align: top;\">\n<p><span style=\"color: #008000;\"><span style=\"font-size: 14pt;\">Gu\u00eda de actuaci\u00f3n ante la aparici\u00f3n de <\/span><span style=\"font-size: 14pt;\">casos de COVID-19 en centros educativos<\/span><\/span><\/p>\n<p><a href=\"https:\/\/www.mscbs.gob.es\/profesionales\/saludPublica\/ccayes\/alertasActual\/nCov\/documentos\/27_08_2020_Guia_de_actuacion_centros_educativos.pdf\" target=\"_blank\" rel=\"nofollow noopener noreferrer\"><img loading=\"lazy\" decoding=\"async\" class=\"size-full wp-image-3250 aligncenter\" src=\"https:\/\/cifpn1.com\/alarma\/wp-content\/uploads\/2020\/08\/gu\u00eda-de-actuaci\u00f3n-ante-la-aparici\u00f3n-de-casos-de-COVID-19.png\" alt=\"\" width=\"350\" height=\"476\" \/><\/a><\/p>\n<\/td>\n<td style=\"width: 50%; border-style: none; text-align: center; vertical-align: top;\">\n<p style=\"text-align: center;\"><span style=\"color: #008000;\"><span style=\"font-size: 18.6667px;\">Protocolo para la prevenci\u00f3n por COVID-19 en el \u00e1mbito docente en el curso 2020-2021<\/span><\/span><\/p>\n<p><a href=\"https:\/\/www.educantabria.es\/docs\/Protocolo_para_la_prevenci%C3%B3n_del_contagio_por_COVID-19_en_el_%C3%A1mbito_docente_para_el_curso_2020-21.pdf\" target=\"_blank\" rel=\"nofollow noopener noreferrer\"><img loading=\"lazy\" decoding=\"async\" class=\"alignnone wp-image-3273 size-full\" src=\"https:\/\/cifpn1.com\/alarma\/wp-content\/uploads\/2020\/09\/protocolo-prevenci\u00f3n-contagio-COVID-19-para-curso-2020-21-rev.-30-agosto.png\" alt=\"\" width=\"350\" height=\"350\" srcset=\"https:\/\/cifpn1.com\/alarma\/wp-content\/uploads\/2020\/09\/protocolo-prevenci\u00f3n-contagio-COVID-19-para-curso-2020-21-rev.-30-agosto.png 431w, https:\/\/cifpn1.com\/alarma\/wp-content\/uploads\/2020\/09\/protocolo-prevenci\u00f3n-contagio-COVID-19-para-curso-2020-21-rev.-30-agosto-222x222.png 222w\" sizes=\"auto, (max-width: 350px) 100vw, 350px\" \/><\/a><\/p>\n<\/td>\n<\/tr>\n<tr>\n<td style=\"width: 50%; border-style: none; text-align: center; vertical-align: top;\">\n<p><span style=\"font-size: 14pt; color: #008000;\">Puesto de mantenimiento\/oficios\/operarios<\/span><\/p>\n<p><a href=\"https:\/\/www.educantabria.es\/docs\/protocolos_covid\/Ficha_tipo_puesto_Puesto_de_MANTENIMIENTO_OFICIOS_OPERARIO.pdf\" target=\"_blank\" rel=\"nofollow noopener noreferrer\"><img loading=\"lazy\" decoding=\"async\" class=\"alignnone size-full wp-image-3197\" src=\"https:\/\/cifpn1.com\/alarma\/wp-content\/uploads\/2020\/07\/valoracion-riesgo-operario.png\" alt=\"\" width=\"336\" height=\"450\" \/><\/a><\/p>\n<p><span style=\"font-size: 14pt; color: #008000;\">\u00a0<\/span><\/p>\n<\/td>\n<td style=\"width: 50%; border-style: none; text-align: center; vertical-align: top;\"><\/td>\n<\/tr>\n<\/tbody>\n<\/table>\n<ul>\n<li>Documentaci\u00f3n extra\u00edda de la p\u00e1g. Web de educantabria<br \/>\n<a href=\"https:\/\/www.educantabria.es\/1234-general-informacion\/39722320-protocolos-de-prevencion-covid-19.html\" target=\"_blank\" rel=\"nofollow noopener noreferrer\">Protocolos de prevenci\u00f3n COVID-19<\/a><\/li>\n<\/ul>\n","protected":false},"excerpt":{"rendered":"<p>_clic sobre la imagen para acceder a los documentos_ Gu\u00eda de actuaci\u00f3n ante la aparici\u00f3n de casos de COVID-19 en centros educativos Protocolo para la prevenci\u00f3n por COVID-19 en el \u00e1mbito docente en el curso 2020-2021 Puesto de mantenimiento\/oficios\/operarios \u00a0 &hellip; <a href=\"https:\/\/cifpn1.com\/alarma\/?page_id=2882\">Sigue leyendo <span class=\"meta-nav\">&rarr;<\/span><\/a><\/p>\n","protected":false},"author":3,"featured_media":3077,"parent":0,"menu_order":0,"comment_status":"closed","ping_status":"closed","template":"","meta":{"footnotes":""},"class_list":["post-2882","page","type-page","status-publish","has-post-thumbnail","hentry"],"_links":{"self":[{"href":"https:\/\/cifpn1.com\/alarma\/index.php?rest_route=\/wp\/v2\/pages\/2882","targetHints":{"allow":["GET"]}}],"collection":[{"href":"https:\/\/cifpn1.com\/alarma\/index.php?rest_route=\/wp\/v2\/pages"}],"about":[{"href":"https:\/\/cifpn1.com\/alarma\/index.php?rest_route=\/wp\/v2\/types\/page"}],"author":[{"embeddable":true,"href":"https:\/\/cifpn1.com\/alarma\/index.php?rest_route=\/wp\/v2\/users\/3"}],"replies":[{"embeddable":true,"href":"https:\/\/cifpn1.com\/alarma\/index.php?rest_route=%2Fwp%2Fv2%2Fcomments&post=2882"}],"version-history":[{"count":27,"href":"https:\/\/cifpn1.com\/alarma\/index.php?rest_route=\/wp\/v2\/pages\/2882\/revisions"}],"predecessor-version":[{"id":3299,"href":"https:\/\/cifpn1.com\/alarma\/index.php?rest_route=\/wp\/v2\/pages\/2882\/revisions\/3299"}],"wp:featuredmedia":[{"embeddable":true,"href":"https:\/\/cifpn1.com\/alarma\/index.php?rest_route=\/wp\/v2\/media\/3077"}],"wp:attachment":[{"href":"https:\/\/cifpn1.com\/alarma\/index.php?rest_route=%2Fwp%2Fv2%2Fmedia&parent=2882"}],"curies":[{"name":"wp","href":"https:\/\/api.w.org\/{rel}","templated":true}]}}