{"id":99,"date":"2020-04-06T19:14:14","date_gmt":"2020-04-06T18:14:14","guid":{"rendered":"https:\/\/cifpn1.com\/acreditacion\/?page_id=99"},"modified":"2024-10-10T10:14:55","modified_gmt":"2024-10-10T09:14:55","slug":"formacion-para-el-empleo","status":"publish","type":"page","link":"https:\/\/cifpn1.com\/acreditacion\/?page_id=99","title":{"rendered":"Formaci\u00f3n para el empleo"},"content":{"rendered":"<h2><strong>\u00bfHas realizado hace a\u00f1os un curso del EMCAN?\u00a0<\/strong><\/h2>\n<p style=\"text-align: justify;\">Algunos de los certificados que se han emitido han sido derogados y sustituidos por los nuevos certificados de profesionalidad o unidades de competencia. Hay un plazo de 5 a\u00f1os para solicitar tu certificado desde que finalizaste su curso.\u00a0 Si crees que podr\u00eda ser tu caso p\u00e1sate por el centro o escribe a\u00a0<a href=\"mailto:acreditacion.competencias@cifpn1.es\">acreditacion.competencias@cifpn1.es<\/a> y te daremos instrucciones concretas acerca de los pasos a seguir, solicitudes a rellenar, tasas y lugar donde se solicitan los certificados.<\/p>\n<p style=\"text-align: justify;\">Al ser una informaci\u00f3n\u00a0 personalizada debido a la variedad de certificados existentes se recomienda la consulta por correo electr\u00f3nico ya que as\u00ed se dispondr\u00e1 de la informaci\u00f3n particular de Boletines Oficiales del Estado necesarios a incluir en la documentaci\u00f3n, y se facilitar\u00e1 un horario adecuado para una cita en el centro con la persona responsable del departamento en caso de que la consideres necesaria .\u00a0<\/p>\n<h3>Formaci\u00f3n en Cantabria<\/h3>\n<p style=\"text-align: justify;\">Desde este apartado podr\u00e1 acceder a la descarga de los listados actualizados de cursos de formaci\u00f3n profesional para el empleo que oferta el Servicio C\u00e1ntabro de Empleo a trav\u00e9s de sus centros colaboradores:<\/p>\n<h5 style=\"text-align: justify;\">Oferta formativa a trav\u00e9s de los centros colaboradores:<\/h5>\n<ul class=\"tipo2\">\n<li>\n<p><a href=\"https:\/\/empleacantabria.es\/buscar-formacion\">Listado de acciones formativas\u00a0 (personas ocupadas y desempleadas)<\/a><u><br \/>\n<\/u><\/p>\n<\/li>\n<\/ul>\n<p style=\"text-align: justify;\">Desde este apartado podr\u00e1 acceder a la descarga de los listados actualizados de acciones formativas que oferta el Servicio P\u00fablico de Empleo Estatal (SEPE) a trav\u00e9s de Entidades Colaboradoras, si est\u00e1 interesado en estas acciones p\u00f3ngase en contacto mediante e-mail o tfno. con la Entidad Gestora que podr\u00e1 visualizar en los listados siguientes:<\/p>\n<ul>\n<li><u style=\"font-size: 14px;\"><a id=\"Documento_2551\" href=\"https:\/\/sede.sepe.gob.es\/portalSede\/es\/procedimientos-y-servicios\/personas\/formacion\">Buscador de acciones formativas<\/a><\/u><\/li>\n<\/ul>\n","protected":false},"excerpt":{"rendered":"<p>\u00bfHas realizado hace a\u00f1os un curso del EMCAN?\u00a0 Algunos de los certificados que se han emitido han sido derogados y sustituidos por los nuevos certificados de profesionalidad o unidades de competencia. Hay un plazo de 5 a\u00f1os para solicitar tu &hellip; <a href=\"https:\/\/cifpn1.com\/acreditacion\/?page_id=99\">Sigue leyendo <span class=\"meta-nav\">&rarr;<\/span><\/a><\/p>\n","protected":false},"author":2,"featured_media":0,"parent":130,"menu_order":0,"comment_status":"closed","ping_status":"closed","template":"","meta":{"footnotes":""},"class_list":["post-99","page","type-page","status-publish","hentry"],"_links":{"self":[{"href":"https:\/\/cifpn1.com\/acreditacion\/index.php?rest_route=\/wp\/v2\/pages\/99","targetHints":{"allow":["GET"]}}],"collection":[{"href":"https:\/\/cifpn1.com\/acreditacion\/index.php?rest_route=\/wp\/v2\/pages"}],"about":[{"href":"https:\/\/cifpn1.com\/acreditacion\/index.php?rest_route=\/wp\/v2\/types\/page"}],"author":[{"embeddable":true,"href":"https:\/\/cifpn1.com\/acreditacion\/index.php?rest_route=\/wp\/v2\/users\/2"}],"replies":[{"embeddable":true,"href":"https:\/\/cifpn1.com\/acreditacion\/index.php?rest_route=%2Fwp%2Fv2%2Fcomments&post=99"}],"version-history":[{"count":6,"href":"https:\/\/cifpn1.com\/acreditacion\/index.php?rest_route=\/wp\/v2\/pages\/99\/revisions"}],"predecessor-version":[{"id":577,"href":"https:\/\/cifpn1.com\/acreditacion\/index.php?rest_route=\/wp\/v2\/pages\/99\/revisions\/577"}],"up":[{"embeddable":true,"href":"https:\/\/cifpn1.com\/acreditacion\/index.php?rest_route=\/wp\/v2\/pages\/130"}],"wp:attachment":[{"href":"https:\/\/cifpn1.com\/acreditacion\/index.php?rest_route=%2Fwp%2Fv2%2Fmedia&parent=99"}],"curies":[{"name":"wp","href":"https:\/\/api.w.org\/{rel}","templated":true}]}}