{"id":82,"date":"2020-04-06T18:34:04","date_gmt":"2020-04-06T17:34:04","guid":{"rendered":"https:\/\/cifpn1.com\/acreditacion\/?page_id=82"},"modified":"2020-04-24T11:43:55","modified_gmt":"2020-04-24T10:43:55","slug":"sobre-este-blog","status":"publish","type":"page","link":"https:\/\/cifpn1.com\/acreditacion\/?page_id=82","title":{"rendered":"Sobre este blog"},"content":{"rendered":"<h3 style=\"text-align: center;\">CENTRO INTEGRADO DE FORMACI\u00d3N PROFESIONAL N\u00daMERO UNO<\/h3>\n<h4 style=\"text-align: center;\">EVALUACI\u00d3N Y ACREDITACI\u00d3N DE COMPETENCIAS PROFESIONALES<\/h4>\n<hr \/>\n<h2>Finalidad<\/h2>\n<p>Se ha dise\u00f1ado este blog con los siguientes prop\u00f3sitos:<\/p>\n<ul>\n<li style=\"text-align: justify;\">Representar la imagen p\u00fablica del servicio de Evaluaci\u00f3n y Acreditaci\u00f3n de Competencias Profesionales ante la comunidad educativa y ante el resto de la sociedad, que se brinda en el Centro Integrado de Formaci\u00f3n Profesional N\u00famero Uno de Santander (en adelante cifpn\u00ba1).<\/li>\n<li style=\"text-align: justify;\">Servir de enlace con los departamentos del citado cifpn\u00ba1, de modo que a trav\u00e9s de \u00e9ste se proporcione orientaci\u00f3n y ayuda general en la evaluaci\u00f3n y acreditaci\u00f3n de competencias profesionales en centro educativo: soporte y documentaci\u00f3n gen\u00e9rica \u00fatil para profesorado, el alumnado y las familias.<\/li>\n<li style=\"text-align: justify;\">Constituirse en plataforma para colocar informaci\u00f3n relativa la evaluaci\u00f3n y acreditaci\u00f3n de competencias profesionales. Esta informaci\u00f3n ser\u00e1 abierta, por lo que cualquier otro del cifpn\u00ba1 o cualquier visitante del blog podr\u00e1 aprovecharla.<\/li>\n<\/ul>\n<h2>Entidad responsable<\/h2>\n<ul>\n<li>Nombre: Centro Integrado de Formaci\u00f3n Profesional N\u00famero Uno<\/li>\n<li>Direcci\u00f3n: c\/ Francisco Rivas Moreno, s\/n<br \/>\nCP: 39011 ; Santander<br \/>\nCantabria, Espa\u00f1a<\/li>\n<li>Tel\u00e9fono: 942 323845<\/li>\n<li>Email:\u00a0\u00a0<a href=\"http:\/\/cifpn1@cifpn1.es\/\" target=\"_blank\" rel=\"noopener noreferrer\" data-cke-saved-href=\"http:\/\/cifpn1@cifpn1.es\/\">cifpn1@cifpn1.es<\/a><\/li>\n<li>URL:\u00a0<a href=\"http:\/\/cifp.es\/\" target=\"_blank\" rel=\"noopener noreferrer\" data-cke-saved-href=\"http:\/\/cifp.es\/\">http:\/\/cifp.es<\/a><\/li>\n<\/ul>\n<h2>Gestor del blog<\/h2>\n<p style=\"text-align: justify;\">Las personas gestoras de este blog son:<\/p>\n<ul>\n<li>Coordinador TIC del centro. <a href=\"mailto:tic@cifpn1.es\">tic[arroba]cifpn1.es<\/a><\/li>\n<li style=\"text-align: justify;\">Eduardo Mart\u00ednez B\u00e1rcena. <a href=\"mailto:martineze@cifpn1.es\">martineze[arroba]cifpn1.es<\/a><\/li>\n<\/ul>\n<p style=\"padding-left: 40px;\">Ambos profesores del departamento de Electricidad y Electr\u00f3nica del cifpn\u00ba1.<\/p>\n<h2>Plataforma de publicaci\u00f3n<\/h2>\n<ul>\n<li style=\"text-align: justify;\">Se ha elegido\u00a0<em>Wordpress\u00a0<\/em>como herramienta de publicaci\u00f3n<\/li>\n<li style=\"text-align: justify;\">La plantilla base es\u00a0<em>Coraline<\/em>, ver. 1.5.2; y ha sido modificada para adaptarla a este blog.<\/li>\n<\/ul>\n","protected":false},"excerpt":{"rendered":"<p>CENTRO INTEGRADO DE FORMACI\u00d3N PROFESIONAL N\u00daMERO UNO EVALUACI\u00d3N Y ACREDITACI\u00d3N DE COMPETENCIAS PROFESIONALES Finalidad Se ha dise\u00f1ado este blog con los siguientes prop\u00f3sitos: Representar la imagen p\u00fablica del servicio de Evaluaci\u00f3n y Acreditaci\u00f3n de Competencias Profesionales ante la comunidad educativa &hellip; <a href=\"https:\/\/cifpn1.com\/acreditacion\/?page_id=82\">Sigue leyendo <span class=\"meta-nav\">&rarr;<\/span><\/a><\/p>\n","protected":false},"author":2,"featured_media":0,"parent":94,"menu_order":0,"comment_status":"closed","ping_status":"closed","template":"","meta":{"footnotes":""},"class_list":["post-82","page","type-page","status-publish","hentry"],"_links":{"self":[{"href":"https:\/\/cifpn1.com\/acreditacion\/index.php?rest_route=\/wp\/v2\/pages\/82","targetHints":{"allow":["GET"]}}],"collection":[{"href":"https:\/\/cifpn1.com\/acreditacion\/index.php?rest_route=\/wp\/v2\/pages"}],"about":[{"href":"https:\/\/cifpn1.com\/acreditacion\/index.php?rest_route=\/wp\/v2\/types\/page"}],"author":[{"embeddable":true,"href":"https:\/\/cifpn1.com\/acreditacion\/index.php?rest_route=\/wp\/v2\/users\/2"}],"replies":[{"embeddable":true,"href":"https:\/\/cifpn1.com\/acreditacion\/index.php?rest_route=%2Fwp%2Fv2%2Fcomments&post=82"}],"version-history":[{"count":3,"href":"https:\/\/cifpn1.com\/acreditacion\/index.php?rest_route=\/wp\/v2\/pages\/82\/revisions"}],"predecessor-version":[{"id":236,"href":"https:\/\/cifpn1.com\/acreditacion\/index.php?rest_route=\/wp\/v2\/pages\/82\/revisions\/236"}],"up":[{"embeddable":true,"href":"https:\/\/cifpn1.com\/acreditacion\/index.php?rest_route=\/wp\/v2\/pages\/94"}],"wp:attachment":[{"href":"https:\/\/cifpn1.com\/acreditacion\/index.php?rest_route=%2Fwp%2Fv2%2Fmedia&parent=82"}],"curies":[{"name":"wp","href":"https:\/\/api.w.org\/{rel}","templated":true}]}}