{"id":73,"date":"2020-04-06T18:23:24","date_gmt":"2020-04-06T17:23:24","guid":{"rendered":"https:\/\/cifpn1.com\/acreditacion\/?page_id=73"},"modified":"2024-10-11T12:09:17","modified_gmt":"2024-10-11T11:09:17","slug":"acerca-de","status":"publish","type":"page","link":"https:\/\/cifpn1.com\/acreditacion\/?page_id=73","title":{"rendered":"Contacto"},"content":{"rendered":"<p style=\"text-align: justify;\"><strong>Si necesitas informaci\u00f3n respecto a alguno de los temas que competen al departamento o tienes dudas al respecto puedes:<\/strong><\/p>\n<ul>\n<li style=\"text-align: justify;\">\n<p>solicitar una cita en\u00a0 el tel\u00e9fono 942 323 845 para cita\u00a0<span style=\"color: #444444;\">telef\u00f3nica \u00f3 <\/span>presencial\u00a0 en\u00a0 la primera planta del edificio principal en HORARIO:<br \/>\n<span style=\"color: #444444;\">&#8211; de 9.00 a 11.00 los lunes y mi\u00e9rcoles.<br \/>\n<\/span><\/p>\n<\/li>\n<li style=\"text-align: justify;\">\n<p>o escribirnos un correo a:<\/p>\n<\/li>\n<\/ul>\n<p style=\"padding-left: 40px;\">Luis C. Cano Crespo<br \/>\nResponsable del Departamento de Evaluaci\u00f3n y Acreditaci\u00f3n de Competencias Profesionales<br \/>\nCentro Integrado de F.P. N\u00ba 1<\/p>\n<p style=\"padding-left: 40px;\">C\\Francisco Rivas Moreno 2<br \/>\n39011. Santander (Cantabria) SPAIN<\/p>\n<h5 style=\"padding-left: 40px;\">E-mail<\/h5>\n<p style=\"padding-left: 80px;\"><a href=\"mailto:acreditacion.competencias@cifpn1.es\">acreditacion.competencias@cifpn1.es<\/a><\/p>\n<h5 style=\"padding-left: 40px;\">Tel\u00e9fono<\/h5>\n<p style=\"padding-left: 80px;\">(34) 942 323 845 <\/p>\n<p><strong>Para otros aspectos generales relacionados con la Evaluaci\u00f3n y Acreditaci\u00f3n de Competencias contactar con:<\/strong><\/p>\n<p style=\"padding-left: 40px;\">Consejer\u00eda de Educaci\u00f3n, Cultura y Deporte del Gobierno de Cantabria<br \/>\nUnidad T\u00e9cnica de Evaluaci\u00f3n y Acreditaci\u00f3n de las Competencias<\/p>\n<p style=\"padding-left: 40px;\">Tel: (34) 942 20 70 06<\/p>\n","protected":false},"excerpt":{"rendered":"<p>Si necesitas informaci\u00f3n respecto a alguno de los temas que competen al departamento o tienes dudas al respecto puedes: solicitar una cita en\u00a0 el tel\u00e9fono 942 323 845 para cita\u00a0telef\u00f3nica \u00f3 presencial\u00a0 en\u00a0 la primera planta del edificio principal en &hellip; <a href=\"https:\/\/cifpn1.com\/acreditacion\/?page_id=73\">Sigue leyendo <span class=\"meta-nav\">&rarr;<\/span><\/a><\/p>\n","protected":false},"author":2,"featured_media":0,"parent":94,"menu_order":0,"comment_status":"closed","ping_status":"closed","template":"","meta":{"footnotes":""},"class_list":["post-73","page","type-page","status-publish","hentry"],"_links":{"self":[{"href":"https:\/\/cifpn1.com\/acreditacion\/index.php?rest_route=\/wp\/v2\/pages\/73","targetHints":{"allow":["GET"]}}],"collection":[{"href":"https:\/\/cifpn1.com\/acreditacion\/index.php?rest_route=\/wp\/v2\/pages"}],"about":[{"href":"https:\/\/cifpn1.com\/acreditacion\/index.php?rest_route=\/wp\/v2\/types\/page"}],"author":[{"embeddable":true,"href":"https:\/\/cifpn1.com\/acreditacion\/index.php?rest_route=\/wp\/v2\/users\/2"}],"replies":[{"embeddable":true,"href":"https:\/\/cifpn1.com\/acreditacion\/index.php?rest_route=%2Fwp%2Fv2%2Fcomments&post=73"}],"version-history":[{"count":6,"href":"https:\/\/cifpn1.com\/acreditacion\/index.php?rest_route=\/wp\/v2\/pages\/73\/revisions"}],"predecessor-version":[{"id":600,"href":"https:\/\/cifpn1.com\/acreditacion\/index.php?rest_route=\/wp\/v2\/pages\/73\/revisions\/600"}],"up":[{"embeddable":true,"href":"https:\/\/cifpn1.com\/acreditacion\/index.php?rest_route=\/wp\/v2\/pages\/94"}],"wp:attachment":[{"href":"https:\/\/cifpn1.com\/acreditacion\/index.php?rest_route=%2Fwp%2Fv2%2Fmedia&parent=73"}],"curies":[{"name":"wp","href":"https:\/\/api.w.org\/{rel}","templated":true}]}}