{"id":608,"date":"2024-10-29T00:04:28","date_gmt":"2024-10-28T23:04:28","guid":{"rendered":"https:\/\/cifpn1.com\/acreditacion\/?page_id=608"},"modified":"2025-09-17T08:52:19","modified_gmt":"2025-09-17T07:52:19","slug":"reserva-cita-previa","status":"publish","type":"page","link":"https:\/\/cifpn1.com\/acreditacion\/?page_id=608","title":{"rendered":"Reserva cita previa"},"content":{"rendered":"<p style=\"text-align: justify;\">Desde esta p\u00e1gina puede solicitar cita previa para recibir informaci\u00f3n y orientaci\u00f3n para el Procedimiento de Evaluaci\u00f3n y Acreditaci\u00f3n de Competencias Profesionales.<\/p>\n<p style=\"text-align: justify;\"><span data-olk-copy-source=\"MessageBody\">Recuerde que dispone de toda la informaci\u00f3n para participar en el procedimiento en la siguiente direcci\u00f3n: <a href=\"https:\/\/cifpn1.com\/acreditacion\/?page_id=193\">INFO<\/a><\/span><\/p>\n<p style=\"text-align: justify;\"><span data-olk-copy-source=\"MessageBody\">Se ruega puntualidad.<\/span><\/p>\n<p style=\"text-align: justify;\"><span data-olk-copy-source=\"MessageBody\">Si la cita es presencial, debe acudir al Centro Integrado de FP N\u00famero Uno por la entrada principal y consultar en conserjer\u00eda o subir a la primera planta y girar a la derecha. <\/span><\/p>\n<p style=\"text-align: justify;\"><span data-olk-copy-source=\"MessageBody\">Si la cita es telef\u00f3nica, nos pondremos en contacto con usted en el rango horario reservado.<\/span><\/p>\n<p style=\"text-align: justify;\">Para agilizar la consulta, puede indicar los motivos de la misma en este mismo formulario de cita previa.<\/p>\n<link rel='stylesheet' media=\"all\" href=\"https:\/\/cifpn1.com\/acreditacion\/wp-content\/plugins\/appointment-hour-booking\/templates\/08\/style.css\" type=\"text\/css\" \/><form class=\"cpp_form no-prefetch\" name=\"cp_appbooking_pform_1\" id=\"cp_appbooking_pform_1\" action=\"\" method=\"post\" enctype=\"multipart\/form-data\" onsubmit=\"return cp_appbooking_pform_doValidate_1(this);\"><input type=\"hidden\" name=\"cp_pform_psequence\" value=\"_1\" \/><input type=\"hidden\" name=\"cp_appbooking_pform_process\" value=\"1\" \/><input type=\"hidden\" name=\"cp_appbooking_id\" value=\"2\" \/><input type=\"hidden\" name=\"cp_ref_page\" value=\"\" \/><input type=\"hidden\" name=\"form_structure_1\" id=\"form_structure_1\" size=\"180\" value=\"[[{&quot;form_identifier&quot;:&quot;&quot;,&quot;name&quot;:&quot;fieldname1&quot;,&quot;shortlabel&quot;:&quot;&quot;,&quot;index&quot;:0,&quot;ftype&quot;:&quot;fapp&quot;,&quot;userhelp&quot;:&quot;&quot;,&quot;userhelpTooltip&quot;:&quot;&quot;,&quot;csslayout&quot;:&quot;&quot;,&quot;title&quot;:&quot;Cita previa&quot;,&quot;services&quot;:[{&quot;name&quot;:&quot;Acreditaci\\u00f3n de competencias&quot;,&quot;price&quot;:1,&quot;capacity&quot;:1,&quot;duration&quot;:&quot;30&quot;,&quot;pb&quot;:0,&quot;pa&quot;:0,&quot;ohindex&quot;:0,&quot;idx&quot;:1}],&quot;openhours&quot;:[],&quot;allOH&quot;:[{&quot;name&quot;:&quot;Default&quot;,&quot;openhours&quot;:[{&quot;type&quot;:&quot;all&quot;,&quot;d&quot;:&quot;&quot;,&quot;h1&quot;:&quot;10&quot;,&quot;m1&quot;:&quot;0&quot;,&quot;h2&quot;:&quot;11&quot;,&quot;m2&quot;:&quot;0&quot;}]}],&quot;dateFormat&quot;:&quot;dd\\\/mm\\\/yy&quot;,&quot;showDropdown&quot;:false,&quot;showTotalCost&quot;:false,&quot;showTotalCostFormat&quot;:&quot;$ {0}&quot;,&quot;showEndTime&quot;:false,&quot;showQuantity&quot;:false,&quot;usedSlotsCheckbox&quot;:true,&quot;avoidOverlaping&quot;:true,&quot;emptySelectCheckbox&quot;:false,&quot;emptySelect&quot;:&quot;-- Please select service --&quot;,&quot;dropdownRange&quot;:&quot;-10:+10&quot;,&quot;working_dates&quot;:[false,false,true,true,true,false,false],&quot;numberOfMonths&quot;:&quot;1&quot;,&quot;maxNumberOfApp&quot;:&quot;1&quot;,&quot;firstDay&quot;:&quot;1&quot;,&quot;minDate&quot;:&quot;+1h&quot;,&quot;maxDate&quot;:&quot;+1m&quot;,&quot;defaultDate&quot;:&quot;&quot;,&quot;invalidDates&quot;:&quot;10\\\/25\\\/2025-10\\\/30\\\/2025,12\\\/24\\\/2025-01\\\/07\\\/2026,02\\\/14\\\/2026-02\\\/21\\\/2026,03\\\/28\\\/2026-04\\\/04\\\/2026, 06\\\/25\\\/2026-09\\\/15\\\/2026&quot;,&quot;tmpinvalidDates&quot;:[{},{},{},{},{},{},{},{},{},{},{},{},{},{},{},{},{},{},{},{},{},{},{},{},{},{},{},{},{},{},{},{},{},{},{},{},{},{},{},{},{},{},{},{},{},{},{},{},{},{},{},{},{},{},{},{},{},{},{},{},{},{},{},{},{},{},{},{},{},{},{},{},{},{},{},{},{},{},{},{},{},{},{},{},{},{},{},{},{},{},{},{},{},{},{},{},{},{},{},{},{},{},{},{},{},{},{},{},{},{},{},{},{},{},{},{},{},{},{},{}],&quot;required&quot;:true,&quot;bSlotsCheckbox&quot;:true,&quot;bSlots&quot;:30,&quot;militaryTime&quot;:1,&quot;autonum&quot;:1,&quot;autonumStaff&quot;:0,&quot;fBuild&quot;:{},&quot;special_days&quot;:[],&quot;minDateTmp&quot;:0,&quot;getMinDate&quot;:{},&quot;tmpinvalidDatestime&quot;:[1761343200000,1761429600000,1761519600000,1761606000000,1761692400000,1761778800000,1766530800000,1766617200000,1766703600000,1766790000000,1766876400000,1766962800000,1767049200000,1767135600000,1767222000000,1767308400000,1767394800000,1767481200000,1767567600000,1767654000000,1767740400000,1771023600000,1771110000000,1771196400000,1771282800000,1771369200000,1771455600000,1771542000000,1771628400000,1774652400000,1774738800000,1774821600000,1774908000000,1774994400000,1775080800000,1775167200000,1775253600000,1782338400000,1782424800000,1782511200000,1782597600000,1782684000000,1782770400000,1782856800000,1782943200000,1783029600000,1783116000000,1783202400000,1783288800000,1783375200000,1783461600000,1783548000000,1783634400000,1783720800000,1783807200000,1783893600000,1783980000000,1784066400000,1784152800000,1784239200000,1784325600000,1784412000000,1784498400000,1784584800000,1784671200000,1784757600000,1784844000000,1784930400000,1785016800000,1785103200000,1785189600000,1785276000000,1785362400000,1785448800000,1785535200000,1785621600000,1785708000000,1785794400000,1785880800000,1785967200000,1786053600000,1786140000000,1786226400000,1786312800000,1786399200000,1786485600000,1786572000000,1786658400000,1786744800000,1786831200000,1786917600000,1787004000000,1787090400000,1787176800000,1787263200000,1787349600000,1787436000000,1787522400000,1787608800000,1787695200000,1787781600000,1787868000000,1787954400000,1788040800000,1788127200000,1788213600000,1788300000000,1788386400000,1788472800000,1788559200000,1788645600000,1788732000000,1788818400000,1788904800000,1788991200000,1789077600000,1789164000000,1789250400000,1789336800000,1789423200000]},{&quot;form_identifier&quot;:&quot;&quot;,&quot;name&quot;:&quot;fieldname2&quot;,&quot;shortlabel&quot;:&quot;&quot;,&quot;index&quot;:1,&quot;ftype&quot;:&quot;ftext&quot;,&quot;userhelp&quot;:&quot;&quot;,&quot;userhelpTooltip&quot;:&quot;&quot;,&quot;csslayout&quot;:&quot;&quot;,&quot;title&quot;:&quot;Nombre y Apellidos&quot;,&quot;predefined&quot;:&quot;&quot;,&quot;predefinedClick&quot;:false,&quot;required&quot;:true,&quot;size&quot;:&quot;medium&quot;,&quot;minlength&quot;:&quot;&quot;,&quot;maxlength&quot;:&quot;&quot;,&quot;equalTo&quot;:&quot;&quot;,&quot;fBuild&quot;:{}},{&quot;form_identifier&quot;:&quot;&quot;,&quot;name&quot;:&quot;email&quot;,&quot;shortlabel&quot;:&quot;&quot;,&quot;index&quot;:2,&quot;ftype&quot;:&quot;femail&quot;,&quot;userhelp&quot;:&quot;&quot;,&quot;userhelpTooltip&quot;:&quot;&quot;,&quot;csslayout&quot;:&quot;&quot;,&quot;title&quot;:&quot;Email&quot;,&quot;predefined&quot;:&quot;&quot;,&quot;predefinedClick&quot;:false,&quot;required&quot;:true,&quot;size&quot;:&quot;medium&quot;,&quot;equalTo&quot;:&quot;&quot;,&quot;fBuild&quot;:{}},{&quot;form_identifier&quot;:&quot;&quot;,&quot;name&quot;:&quot;fieldname3&quot;,&quot;shortlabel&quot;:&quot;&quot;,&quot;index&quot;:3,&quot;ftype&quot;:&quot;ftext&quot;,&quot;userhelp&quot;:&quot;&quot;,&quot;userhelpTooltip&quot;:&quot;&quot;,&quot;csslayout&quot;:&quot;&quot;,&quot;title&quot;:&quot;Tel\\u00e9fono de contacto&quot;,&quot;predefined&quot;:&quot;&quot;,&quot;predefinedClick&quot;:false,&quot;required&quot;:true,&quot;size&quot;:&quot;medium&quot;,&quot;minlength&quot;:&quot;&quot;,&quot;maxlength&quot;:&quot;&quot;,&quot;equalTo&quot;:&quot;&quot;,&quot;fBuild&quot;:{}},{&quot;form_identifier&quot;:&quot;&quot;,&quot;name&quot;:&quot;fieldname4&quot;,&quot;shortlabel&quot;:&quot;&quot;,&quot;index&quot;:4,&quot;ftype&quot;:&quot;ftext&quot;,&quot;userhelp&quot;:&quot;&quot;,&quot;userhelpTooltip&quot;:&quot;&quot;,&quot;csslayout&quot;:&quot;&quot;,&quot;title&quot;:&quot;Tipo de cita (Presencial o Telef\\u00f3nica)&quot;,&quot;predefined&quot;:&quot;&quot;,&quot;predefinedClick&quot;:false,&quot;required&quot;:true,&quot;size&quot;:&quot;medium&quot;,&quot;minlength&quot;:&quot;&quot;,&quot;maxlength&quot;:&quot;&quot;,&quot;equalTo&quot;:&quot;&quot;,&quot;fBuild&quot;:{}},{&quot;form_identifier&quot;:&quot;&quot;,&quot;name&quot;:&quot;fieldname5&quot;,&quot;shortlabel&quot;:&quot;&quot;,&quot;index&quot;:5,&quot;ftype&quot;:&quot;ftext&quot;,&quot;userhelp&quot;:&quot;&quot;,&quot;userhelpTooltip&quot;:&quot;&quot;,&quot;csslayout&quot;:&quot;&quot;,&quot;title&quot;:&quot;Motivo de la consulta&quot;,&quot;predefined&quot;:&quot;&quot;,&quot;predefinedClick&quot;:false,&quot;required&quot;:false,&quot;size&quot;:&quot;large&quot;,&quot;minlength&quot;:&quot;&quot;,&quot;maxlength&quot;:&quot;&quot;,&quot;equalTo&quot;:&quot;&quot;,&quot;fBuild&quot;:{}}],[{&quot;title&quot;:&quot;&quot;,&quot;description&quot;:&quot;&quot;,&quot;formlayout&quot;:&quot;right_aligned&quot;,&quot;formtemplate&quot;:&quot;ahb_m2&quot;,&quot;evalequations&quot;:1,&quot;autocomplete&quot;:1,&quot;autofocus&quot;:false}]]\" \/><input type=\"hidden\" name=\"refpage_1\" id=\"refpage_1\" value=\"\"><input type=\"hidden\" name=\"cp_appbooking_pform_status\" value=\"0\" \/><input name=\"anonce\" type=\"hidden\" value=\"f57bb47300\"\/>\r\n<div id=\"fbuilder\">\r\n    <div id=\"fbuilder_1\">\r\n        <div id=\"formheader_1\"><\/div>\r\n        <div id=\"fieldlist_1\"><\/div>\r\n    <\/div>\r\n<\/div>\r\n<div style=\"display:none\">\r\n<div id=\"cpcaptchalayer_1\" class=\"cpcaptchalayer\">\r\n <div class=\"fields\" id=\"field-c0\" style=\"display:none\">\r\n    <label><\/label>\r\n    <div class=\"dfield\"><!--addons-payment-options--><\/div>\r\n    <div class=\"clearer\"><\/div>\r\n <\/div>\r\n  C\u00f3digo de Seguridad:<br \/>\r\n  <img decoding=\"async\" src=\"https:\/\/cifpn1.com\/acreditacion\/?cp_appbooking_captcha=captcha&amp;ps=_1&amp;inAdmin=1&amp;width=180&amp;height=60&amp;letter_count=5&amp;min_size=25&amp;max_size=35&amp;noise=200&amp;noiselength=4&amp;bcolor=ffffff&amp;border=000000&amp;font=font3\"  id=\"captchaimg_1\" alt=\"security code\" border=\"0\" class=\"skip-lazy\" \/>\r\n  <br \/>Por favor entre el c\u00f3digo de seguridad:<br \/>\r\n  <div class=\"dfield\"><input type=\"text\" size=\"20\" name=\"hdcaptcha_cp_appbooking_post\" id=\"hdcaptcha_cp_appbooking_post_1\" value=\"\" autocomplete=\"off\" \/>\r\n  <div class=\"cpefb_error message\" id=\"hdcaptcha_error_1\" generated=\"true\" style=\"display:none;position: absolute; left: 0px; top: 25px;\">Debe introducir el c\u00f3digo<\/div>\r\n  <\/div><br \/>\r\n<!-- rcadon -->\r\n<\/div>\r\n<\/div>\r\n<div id=\"cp_subbtn_1\" class=\"cp_subbtn\">Enviar<\/div>\r\n<div style=\"clear:both;\"><\/div>\r\n<\/form>\r\n\n<hr \/>\n","protected":false},"excerpt":{"rendered":"<p>Desde esta p\u00e1gina puede solicitar cita previa para recibir informaci\u00f3n y orientaci\u00f3n para el Procedimiento de Evaluaci\u00f3n y Acreditaci\u00f3n de Competencias Profesionales. Recuerde que dispone de toda la informaci\u00f3n para participar en el procedimiento en la siguiente direcci\u00f3n: INFO Se &hellip; <a href=\"https:\/\/cifpn1.com\/acreditacion\/?page_id=608\">Sigue leyendo <span class=\"meta-nav\">&rarr;<\/span><\/a><\/p>\n","protected":false},"author":3,"featured_media":0,"parent":0,"menu_order":0,"comment_status":"closed","ping_status":"closed","template":"","meta":{"footnotes":""},"class_list":["post-608","page","type-page","status-publish","hentry"],"_links":{"self":[{"href":"https:\/\/cifpn1.com\/acreditacion\/index.php?rest_route=\/wp\/v2\/pages\/608","targetHints":{"allow":["GET"]}}],"collection":[{"href":"https:\/\/cifpn1.com\/acreditacion\/index.php?rest_route=\/wp\/v2\/pages"}],"about":[{"href":"https:\/\/cifpn1.com\/acreditacion\/index.php?rest_route=\/wp\/v2\/types\/page"}],"author":[{"embeddable":true,"href":"https:\/\/cifpn1.com\/acreditacion\/index.php?rest_route=\/wp\/v2\/users\/3"}],"replies":[{"embeddable":true,"href":"https:\/\/cifpn1.com\/acreditacion\/index.php?rest_route=%2Fwp%2Fv2%2Fcomments&post=608"}],"version-history":[{"count":5,"href":"https:\/\/cifpn1.com\/acreditacion\/index.php?rest_route=\/wp\/v2\/pages\/608\/revisions"}],"predecessor-version":[{"id":653,"href":"https:\/\/cifpn1.com\/acreditacion\/index.php?rest_route=\/wp\/v2\/pages\/608\/revisions\/653"}],"wp:attachment":[{"href":"https:\/\/cifpn1.com\/acreditacion\/index.php?rest_route=%2Fwp%2Fv2%2Fmedia&parent=608"}],"curies":[{"name":"wp","href":"https:\/\/api.w.org\/{rel}","templated":true}]}}