{"id":214,"date":"2020-04-06T22:48:08","date_gmt":"2020-04-06T21:48:08","guid":{"rendered":"https:\/\/cifpn1.com\/acreditacion\/?page_id=214"},"modified":"2024-10-10T10:26:01","modified_gmt":"2024-10-10T09:26:01","slug":"erasmus-para-jovenes-emprendedores","status":"publish","type":"page","link":"https:\/\/cifpn1.com\/acreditacion\/?page_id=214","title":{"rendered":"Erasmus para j\u00f3venes emprendedores"},"content":{"rendered":"<table class=\"aligncenter\" style=\"width: 100%; border-collapse: collapse; border-style: solid; border-color: #696969; background-color: #e8fac3;\" border=\"1\" cellspacing=\"5\" cellpadding=\"0\">\n<tbody>\n<tr>\n<td style=\"width: 100%; text-align: justify;\"><strong>Erasmus para j\u00f3venes emprendedores\/as<\/strong>\u00a0es un programa europeo de intercambio dirigido a ayudar a emprendedores\/as a adquirir las cualidades necesarias para manejar una peque\u00f1a o mediana empresa (PYME), a estimular el esp\u00edritu emprendedor y a internacionalizarse, pasando un periodo de tiempo trabajando en otro pa\u00eds de la UE con un empresario\/a experimentado\/a, en su propia empresa.<\/td>\n<\/tr>\n<\/tbody>\n<\/table>\n<blockquote>\n<p style=\"text-align: justify;\">Los beneficiarios de este proyecto son emprendedores\/as (NE) y empresarios\/as con experiencia (HE). Este proyecto es una respuesta nueva e innovadora a las necesidades de mejora de los emprendedores y a la cooperaci\u00f3n econ\u00f3mica transnacional.<\/p>\n<\/blockquote>\n<ul>\n<li><a href=\"https:\/\/www.erasmus-entrepreneurs.eu\/\"><strong>Enlace al programa.<\/strong><\/a><\/li>\n<\/ul>\n<h4>\u00bfA qui\u00e9n va dirigido?<strong><br \/>\n<\/strong><\/h4>\n<ul>\n<li>Nuevos emprendedores que est\u00e1n planeando seriamente crear su propio negocio o que lo han hecho en los \u00faltimos tres a\u00f1os.\u00a0<\/li>\n<li>Empresarios experimentados que tienen en propiedad o dirigen como socios una peque\u00f1a o mediana empresa en los paises participantes.<\/li>\n<\/ul>\n<h4>Funcionamiento del programa<\/h4>\n<ul>\n<li style=\"text-align: justify;\">El programa \u00abErasmus para J\u00f3venes Emprendedores\u00bb est\u00e1 financiado por la\u00a0<a href=\"http:\/\/ec.europa.eu\/index_es.htm\">Comisi\u00f3n Europea<\/a>\u00a0y opera en 37 paises con ayuda de los\u00a0<a href=\"https:\/\/www.erasmus-entrepreneurs.eu\/page.php?cid=05\">puntos de contacto locales<\/a>, cuya labor es apoyar a las empresas (p. ej. c\u00e1maras de comercio, centros de apoyo a la iniciativa empresarial, viveros de empresas etc.). Sus actividades est\u00e1n coordinadas a nivel europeo por la\u00a0<a href=\"http:\/\/www.eurochambres.eu\/\">Oficina de Apoyo<\/a>\u00a0del programa.<\/li>\n<\/ul>\n<hr \/>\n<h2>EURES. El portal europeo de la movilidad profesional<\/h2>\n<table class=\"aligncenter\" style=\"width: 100%; border-collapse: collapse; border-style: solid; border-color: #616161; background-color: #fcd3cf;\" border=\"1\" cellspacing=\"5\" cellpadding=\"0\">\n<tbody>\n<tr>\n<td style=\"width: 100%; text-align: justify;\">A partir del 1.2.2020 el Reino Unido dejar\u00e1 de ser miembro de la Uni\u00f3n Europea. Sin embargo, en virtud del acuerdo de retirada entre la UE y el Reino Unido, la libertad de circulaci\u00f3n de trabajadores entre el Reino Unido y los Estados miembros, incluida la prestaci\u00f3n de servicios EURES, seguir\u00e1 existiendo durante un periodo de transici\u00f3n que se extiende actualmente hasta el 31.12.2020.<\/td>\n<\/tr>\n<\/tbody>\n<\/table>\n<ul>\n<li><a href=\"https:\/\/eures.europa.eu\/index_en\" target=\"_blank\" rel=\"nofollow noopener noreferrer\">Enlace al Portal europeo de la movilidad profesional<\/a><\/li>\n<\/ul>\n<p style=\"text-align: justify;\">EURES es una red de cooperaci\u00f3n creada para facilitar la libre circulaci\u00f3n de trabajadores dentro de los 27 Estados miembros de la UE, Suiza, Reino Unido, Islandia, Liechtenstein y Noruega.<\/p>\n<p style=\"text-align: justify;\">La red est\u00e1 compuesta por la Oficina Europea de Coordinaci\u00f3n, las Oficinas Nacionales de Coordinaci\u00f3n, los socios de EURES y los socios de EURES asociados.<\/p>\n<p style=\"text-align: justify;\">Los socios de la red pueden ser servicios p\u00fablicos de empleo, servicios privados de empleo, sindicatos, organizaciones patronales y otros agentes del mercado laboral. Los socios facilitan informaci\u00f3n y ofrecen servicios de colocaci\u00f3n y contrataci\u00f3n a los empleadores y a los solicitantes de empleo mientras que las Oficinas de Coordinaci\u00f3n, tanto europea como nacionales, supervisan la organizaci\u00f3n de actividades a escala europea y nacional respectivamente.<\/p>\n<p style=\"text-align: justify;\">Asimismo, EURES desempe\u00f1a una funci\u00f3n importante en la facilitaci\u00f3n de informaci\u00f3n espec\u00edfica y ofrece servicios de colocaci\u00f3n que redundan en beneficio de los empleadores y trabajadores fronterizos de las regiones transfronterizas europeas.<\/p>\n<p style=\"text-align: justify;\">En la pr\u00e1ctica EURES ofrece sus servicios a trav\u00e9s de su portal y de una red humana que cuenta con aproximadamente 1 000 consejeros EURES que est\u00e1n en contacto permanente con solicitantes de empleo y empleadores de toda Europa.<\/p>\n<hr \/>\n<h2>Informaci\u00f3n y Orientaci\u00f3n Profesional<\/h2>\n<ul>\n<li>Enlace al <a href=\"http:\/\/www.cifpn1.com\/siop\/\" target=\"_blank\" rel=\"nofollow noopener noreferrer\">blog del cifpn\u00ba1 sobre Informaci\u00f3n y Orientaci\u00f3n Profesional<\/a><\/li>\n<\/ul>\n","protected":false},"excerpt":{"rendered":"<p>Erasmus para j\u00f3venes emprendedores\/as\u00a0es un programa europeo de intercambio dirigido a ayudar a emprendedores\/as a adquirir las cualidades necesarias para manejar una peque\u00f1a o mediana empresa (PYME), a estimular el esp\u00edritu emprendedor y a internacionalizarse, pasando un periodo de tiempo &hellip; <a href=\"https:\/\/cifpn1.com\/acreditacion\/?page_id=214\">Sigue leyendo <span class=\"meta-nav\">&rarr;<\/span><\/a><\/p>\n","protected":false},"author":2,"featured_media":0,"parent":113,"menu_order":0,"comment_status":"closed","ping_status":"closed","template":"","meta":{"footnotes":""},"class_list":["post-214","page","type-page","status-publish","hentry"],"_links":{"self":[{"href":"https:\/\/cifpn1.com\/acreditacion\/index.php?rest_route=\/wp\/v2\/pages\/214","targetHints":{"allow":["GET"]}}],"collection":[{"href":"https:\/\/cifpn1.com\/acreditacion\/index.php?rest_route=\/wp\/v2\/pages"}],"about":[{"href":"https:\/\/cifpn1.com\/acreditacion\/index.php?rest_route=\/wp\/v2\/types\/page"}],"author":[{"embeddable":true,"href":"https:\/\/cifpn1.com\/acreditacion\/index.php?rest_route=\/wp\/v2\/users\/2"}],"replies":[{"embeddable":true,"href":"https:\/\/cifpn1.com\/acreditacion\/index.php?rest_route=%2Fwp%2Fv2%2Fcomments&post=214"}],"version-history":[{"count":5,"href":"https:\/\/cifpn1.com\/acreditacion\/index.php?rest_route=\/wp\/v2\/pages\/214\/revisions"}],"predecessor-version":[{"id":582,"href":"https:\/\/cifpn1.com\/acreditacion\/index.php?rest_route=\/wp\/v2\/pages\/214\/revisions\/582"}],"up":[{"embeddable":true,"href":"https:\/\/cifpn1.com\/acreditacion\/index.php?rest_route=\/wp\/v2\/pages\/113"}],"wp:attachment":[{"href":"https:\/\/cifpn1.com\/acreditacion\/index.php?rest_route=%2Fwp%2Fv2%2Fmedia&parent=214"}],"curies":[{"name":"wp","href":"https:\/\/api.w.org\/{rel}","templated":true}]}}