{"id":209,"date":"2020-04-06T22:46:03","date_gmt":"2020-04-06T21:46:03","guid":{"rendered":"https:\/\/cifpn1.com\/acreditacion\/?page_id=209"},"modified":"2020-04-06T22:47:23","modified_gmt":"2020-04-06T21:47:23","slug":"suplementos-europass","status":"publish","type":"page","link":"https:\/\/cifpn1.com\/acreditacion\/?page_id=209","title":{"rendered":"Suplemento Europass"},"content":{"rendered":"<p style=\"text-align: justify;\">El Suplemento Europass es un documento adjunto a un Titulo oficial de Formaci\u00f3n Profesional, destinado a facilitar la comprensi\u00f3n a terceros, en particular a empleadores o instituciones de otro pa\u00eds, del significado del T\u00edtulo en t\u00e9rminos de las competencias adquiridas por su titular. El Suplemento Europass no es un sustituto del t\u00edtulo oficial sino un complemento informativo en ingl\u00e9s.<\/p>\n<p style=\"text-align: justify;\">Si vas a trabajar en el extranjero te recomendamos que imprimas el Suplemento en ingl\u00e9s correspondiente a tu Ciclo Formativo y lo acompa\u00f1es de un <a href=\"http:\/\/www.todofp.es\/dctm\/todofp\/europass\/anexos\/anexoloeesen.pdf?documentId=0901e72b80dbfe87\">a<\/a><a href=\"http:\/\/www.todofp.es\/dctm\/todofp\/europass\/anexos\/anexoloeesen.pdf?documentId=0901e72b80dbfe87\">nexo<\/a>\u00a0personal.<\/p>\n<ul>\n<li>\n<p style=\"text-align: justify;\">\u00a0Suplementos de Europass para\u00a0los t\u00edtulos de Grado Superior\u00a0 LOGSE que est\u00e1n actualmente en\u00a0<a href=\"http:\/\/www.todofp.es\/orientacion-profesional\/itinerarios-formativos-profesionales\/movilidad\/que-es-el-suplemento-europass\/titulos-logse\/grado-superior-en-ingl-s.html\">ingl\u00e9s<\/a>\u00a0y\u00a0<a href=\"http:\/\/www.todofp.es\/orientacion-profesional\/itinerarios-formativos-profesionales\/movilidad\/que-es-el-suplemento-europass\/titulos-logse\/grado-medio-en-franc-s.html\">franc\u00e9s<\/a>.<\/p>\n<\/li>\n<li style=\"text-align: justify;\">\n<p>\u00a0Suplementos de Europass para los t\u00edtulos de Grado Medio\u00a0 LOGSE que\u00a0est\u00e1n\u00a0actualmente en\u00a0<a href=\"http:\/\/www.todofp.es\/orientacion-profesional\/itinerarios-formativos-profesionales\/movilidad\/que-es-el-suplemento-europass\/titulos-logse\/grado-medio-en-ingl-s.html\">ingl\u00e9s<\/a>\u00a0y\u00a0<a href=\"http:\/\/www.todofp.es\/orientacion-profesional\/itinerarios-formativos-profesionales\/movilidad\/que-es-el-suplemento-europass\/titulos-logse\/grado-medio-en-franc-s.html\">franc\u00e9s .<\/a><\/p>\n<\/li>\n<li style=\"text-align: justify;\">\n<p>\u00a0Suplementos de Europass para los t\u00edtulos de\u00a0<a href=\"http:\/\/www.todofp.es\/orientacion-profesional\/itinerarios-formativos-profesionales\/movilidad\/que-es-el-suplemento-europass\/titulos-loe\/grado-medio-en-ingl-s.html\">Grado Medio en LOE\u00a0<\/a>que est\u00e1n actualmente en ingl\u00e9s.<\/p>\n<\/li>\n<li>\n<p style=\"text-align: justify;\">\u00a0Suplementos de Europass para\u00a0los t\u00edtulos de\u00a0<a href=\"http:\/\/www.todofp.es\/orientacion-profesional\/itinerarios-formativos-profesionales\/movilidad\/que-es-el-suplemento-europass\/titulos-loe\/grado-superior-en-ingl-s.html\">Grado Superior de LOE\u00a0<\/a>que est\u00e1n actualmente en ingl\u00e9s.<\/p>\n<\/li>\n<\/ul>\n","protected":false},"excerpt":{"rendered":"<p>El Suplemento Europass es un documento adjunto a un Titulo oficial de Formaci\u00f3n Profesional, destinado a facilitar la comprensi\u00f3n a terceros, en particular a empleadores o instituciones de otro pa\u00eds, del significado del T\u00edtulo en t\u00e9rminos de las competencias adquiridas &hellip; <a href=\"https:\/\/cifpn1.com\/acreditacion\/?page_id=209\">Sigue leyendo <span class=\"meta-nav\">&rarr;<\/span><\/a><\/p>\n","protected":false},"author":2,"featured_media":0,"parent":106,"menu_order":0,"comment_status":"closed","ping_status":"closed","template":"","meta":{"footnotes":""},"class_list":["post-209","page","type-page","status-publish","hentry"],"_links":{"self":[{"href":"https:\/\/cifpn1.com\/acreditacion\/index.php?rest_route=\/wp\/v2\/pages\/209","targetHints":{"allow":["GET"]}}],"collection":[{"href":"https:\/\/cifpn1.com\/acreditacion\/index.php?rest_route=\/wp\/v2\/pages"}],"about":[{"href":"https:\/\/cifpn1.com\/acreditacion\/index.php?rest_route=\/wp\/v2\/types\/page"}],"author":[{"embeddable":true,"href":"https:\/\/cifpn1.com\/acreditacion\/index.php?rest_route=\/wp\/v2\/users\/2"}],"replies":[{"embeddable":true,"href":"https:\/\/cifpn1.com\/acreditacion\/index.php?rest_route=%2Fwp%2Fv2%2Fcomments&post=209"}],"version-history":[{"count":4,"href":"https:\/\/cifpn1.com\/acreditacion\/index.php?rest_route=\/wp\/v2\/pages\/209\/revisions"}],"predecessor-version":[{"id":213,"href":"https:\/\/cifpn1.com\/acreditacion\/index.php?rest_route=\/wp\/v2\/pages\/209\/revisions\/213"}],"up":[{"embeddable":true,"href":"https:\/\/cifpn1.com\/acreditacion\/index.php?rest_route=\/wp\/v2\/pages\/106"}],"wp:attachment":[{"href":"https:\/\/cifpn1.com\/acreditacion\/index.php?rest_route=%2Fwp%2Fv2%2Fmedia&parent=209"}],"curies":[{"name":"wp","href":"https:\/\/api.w.org\/{rel}","templated":true}]}}