{"id":204,"date":"2020-04-06T22:42:55","date_gmt":"2020-04-06T21:42:55","guid":{"rendered":"https:\/\/cifpn1.com\/acreditacion\/?page_id=204"},"modified":"2022-12-21T12:55:53","modified_gmt":"2022-12-21T11:55:53","slug":"certificacion-de-idiomas-e-o-i-santander","status":"publish","type":"page","link":"https:\/\/cifpn1.com\/acreditacion\/?page_id=204","title":{"rendered":"Certificaci\u00f3n de idiomas E.O.I. Santander"},"content":{"rendered":"<ul>\n<li>\n<p><a href=\"https:\/\/www.eoisantander.org\/fechas-prueba-de-certificacion\/\"><strong>Enlace al CALENDARIO de certificaci\u00f3n de la escuela de idiom<u>as<\/u><\/strong><\/a><\/p>\n<\/li>\n<li>\n<p style=\"text-align: justify;\"><a href=\"https:\/\/www.eoisantander.org\/matricula-libre-2\/\"><strong>Informaci\u00f3n sobre las pruebas de certificaci\u00f3n<\/strong><\/a> .\u00a0Son\u00a0pruebas de certificaci\u00f3n correspondientes a los niveles B\u00e1sico, Intermedio y Avanzado de las Ense\u00f1anzas de Idiomas de R\u00e9gimen Especial, as\u00ed como las correspondientes al nivel C1 del Consejo de Europa.<\/p>\n<\/li>\n<\/ul>\n","protected":false},"excerpt":{"rendered":"<p>Enlace al CALENDARIO de certificaci\u00f3n de la escuela de idiomas Informaci\u00f3n sobre las pruebas de certificaci\u00f3n .\u00a0Son\u00a0pruebas de certificaci\u00f3n correspondientes a los niveles B\u00e1sico, Intermedio y Avanzado de las Ense\u00f1anzas de Idiomas de R\u00e9gimen Especial, as\u00ed como las correspondientes al &hellip; <a href=\"https:\/\/cifpn1.com\/acreditacion\/?page_id=204\">Sigue leyendo <span class=\"meta-nav\">&rarr;<\/span><\/a><\/p>\n","protected":false},"author":2,"featured_media":0,"parent":106,"menu_order":0,"comment_status":"closed","ping_status":"closed","template":"","meta":{"footnotes":""},"class_list":["post-204","page","type-page","status-publish","hentry"],"_links":{"self":[{"href":"https:\/\/cifpn1.com\/acreditacion\/index.php?rest_route=\/wp\/v2\/pages\/204","targetHints":{"allow":["GET"]}}],"collection":[{"href":"https:\/\/cifpn1.com\/acreditacion\/index.php?rest_route=\/wp\/v2\/pages"}],"about":[{"href":"https:\/\/cifpn1.com\/acreditacion\/index.php?rest_route=\/wp\/v2\/types\/page"}],"author":[{"embeddable":true,"href":"https:\/\/cifpn1.com\/acreditacion\/index.php?rest_route=\/wp\/v2\/users\/2"}],"replies":[{"embeddable":true,"href":"https:\/\/cifpn1.com\/acreditacion\/index.php?rest_route=%2Fwp%2Fv2%2Fcomments&post=204"}],"version-history":[{"count":6,"href":"https:\/\/cifpn1.com\/acreditacion\/index.php?rest_route=\/wp\/v2\/pages\/204\/revisions"}],"predecessor-version":[{"id":568,"href":"https:\/\/cifpn1.com\/acreditacion\/index.php?rest_route=\/wp\/v2\/pages\/204\/revisions\/568"}],"up":[{"embeddable":true,"href":"https:\/\/cifpn1.com\/acreditacion\/index.php?rest_route=\/wp\/v2\/pages\/106"}],"wp:attachment":[{"href":"https:\/\/cifpn1.com\/acreditacion\/index.php?rest_route=%2Fwp%2Fv2%2Fmedia&parent=204"}],"curies":[{"name":"wp","href":"https:\/\/api.w.org\/{rel}","templated":true}]}}