{"id":193,"date":"2020-04-06T20:58:14","date_gmt":"2020-04-06T19:58:14","guid":{"rendered":"https:\/\/cifpn1.com\/acreditacion\/?page_id=193"},"modified":"2026-04-07T09:35:13","modified_gmt":"2026-04-07T08:35:13","slug":"convocatorias-para-evaluacion-y-acreditacion-de-competencias-profesionales","status":"publish","type":"page","link":"https:\/\/cifpn1.com\/acreditacion\/?page_id=193","title":{"rendered":"Convocatorias para Evaluaci\u00f3n y Acreditaci\u00f3n de Competencias profesionales en Cantabria"},"content":{"rendered":"<h2>CONVOCATORIA 2026 &#8211; [<span style=\"background-color: #00ff00;\">Plazo abierto:<\/span> 5 de marzo 2026 &#8211; 30 noviembre 2026]<\/h2>\n<p><a href=\"https:\/\/boc.cantabria.es\/boces\/verAnuncioAction.do?idAnuBlob=431852\">Resoluci\u00f3n de 24 de febrero, por la que se establece la convocatoria para la evaluaci\u00f3n y acreditaci\u00f3n de las competencias profesionales adquiridas por las personas a trav\u00e9s de la experiencia laboral o de v\u00edas no formales de formaci\u00f3n en la Comunidad Aut\u00f3noma de Cantabria para el a\u00f1o 2026.<\/a><\/p>\n<p><strong>Requisitos Generales para participar en el procedimiento de Acreditaci\u00f3n de Competencias Profesionales<\/strong><\/p>\n<ul>\n<li><strong>Edad<\/strong>: Tener 18 a\u00f1os para los est\u00e1ndares de competencia de nivel 1 y 20 a\u00f1os para los niveles 2 y 3.<\/li>\n<li><strong>Si solicita el reconocimiento de experiencia laboral<\/strong>: Justificar, al menos, tres a\u00f1os de experiencia laboral con un m\u00ednimo de 2,000 horas trabajadas en total durante los \u00faltimos quince a\u00f1os antes de la presentaci\u00f3n de la solicitud. Para los est\u00e1ndares de competencia de nivel 1, se requerir\u00e1n dos a\u00f1os de experiencia laboral con un m\u00ednimo de 1,000 horas trabajadas en total.<\/li>\n<li><strong>Si solicita el reconocimiento de formaci\u00f3n<\/strong>: Justificar, al menos, 300 horas de formaci\u00f3n en los \u00faltimos diez a\u00f1os anteriores a la presentaci\u00f3n de la solicitud. Para los est\u00e1ndares de competencia de nivel 1, se requerir\u00e1n un m\u00ednimo de 200 horas.<\/li>\n<li>Ser <strong>residente en la Comunidad Aut\u00f3noma de Cantabria<\/strong> <strong>o trabajar en una empresa<\/strong> u organismo equiparado <strong>ubicado en la Comunidad Aut\u00f3noma de Cantabria.<\/strong><\/li>\n<\/ul>\n<p><strong>Plazo de Presentaci\u00f3n<\/strong><\/p>\n<p>Hasta el 30 de noviembre de 2026 inclusive, o cuando se alcancen los 3000 est\u00e1ndares de competencia solicitados.<\/p>\n<p><strong>Documentaci\u00f3n Necesaria<\/strong><\/p>\n<p>Para la presentaci\u00f3n de la solicitud, es necesario descargar y presentar los siguientes documentos:<\/p>\n<ol>\n<li><strong>Curr\u00edculum Vitae<\/strong>: Preferentemente en formato modelo europeo. <strong><a href=\"https:\/\/europass.europa.eu\/es\/create-europass-cv\">M\u00e1s informaci\u00f3n<\/a><\/strong><\/li>\n<li><strong>Informe de Vida Laboral<\/strong>: <strong><a href=\"https:\/\/portal.seg-social.gob.es\/wps\/portal\/importass\/importass\/Categorias\/Vida+laboral+e+informes\">M\u00e1s informaci\u00f3n<\/a><\/strong><\/li>\n<li><a href=\"https:\/\/www.educantabria.es\/documents\/d\/acredita\/anexo-ii_26\"><strong>Anexo II<\/strong><\/a>: Relaci\u00f3n ordenada de experiencia laboral relacionada con las competencias profesionales que se desean acreditar. Completa esta tabla con los puestos relevantes de tu vida laboral; solo se reconocen los \u00faltimos 15 a\u00f1os de experiencia profesional.<\/li>\n<li><a href=\"https:\/\/www.educantabria.es\/documents\/d\/acredita\/anexo-iv_26\"><strong>Anexo IV<\/strong><\/a>: Certificaci\u00f3n de empresa. Este documento debe ser firmado y sellado por un representante legal de la empresa, detallando periodos y actividades desempe\u00f1adas en los puestos de trabajo.<\/li>\n<li><strong>Si no puedes obtener el Anexo IV<\/strong>: Aporta contratos de trabajo que indiquen la categor\u00eda profesional con la que fuiste contratado. Si no tienes acceso a los contratos, puedes descargarlos desde el siguiente enlace: <strong><a href=\"https:\/\/sede.sepe.gob.es\/portalSede\/procedimientos-y-servicios\/personas\/contratos\/consulta-datos-contratos\">Contratos<\/a><\/strong><\/li>\n<li><a href=\"https:\/\/www.educantabria.es\/documents\/d\/acredita\/anexo-v_26\"><strong>Anexo V<\/strong><\/a>: Solo para trabajadores aut\u00f3nomos. Describe la actividad desarrollada.<\/li>\n<li><a href=\"https:\/\/www.educantabria.es\/documents\/d\/acredita\/anexo-iii_26\"><strong>Anexo III<\/strong><\/a>: Relaci\u00f3n ordenada de formaci\u00f3n no formal relacionada con las competencias profesionales a acreditar. Completa la tabla con los t\u00edtulos de los cursos realizados; solo se reconocer\u00e1 la formaci\u00f3n de los \u00faltimos 10 a\u00f1os. Es necesario adjuntar copia del diploma acreditativo de la formaci\u00f3n, que incluya el n\u00famero de horas y los contenidos del curso.<\/li>\n<li>Justificaci\u00f3n de residir en la Comunidad Aut\u00f3noma de Cantabria o de trabajar en una empresa u organismo equiparado ubicado en la Comunidad Aut\u00f3noma de Cantabria.<\/li>\n<\/ol>\n<p><strong>Presentaci\u00f3n de la Solicitud<\/strong><\/p>\n<p>Selecciona del siguiente listado el paquete competencial que deseas solicitar: <strong><a href=\"https:\/\/www.educantabria.es\/documents\/d\/educantabria\/excel-ecps-actualizado-17-marzo-26-pdf\">Relaci\u00f3n de Est\u00e1ndares de competencia ofertados y Centros Sede<\/a><\/strong>.<\/p>\n<ul>\n<li><strong>Presentaci\u00f3n telem\u00e1tica<\/strong>: Si eliges este m\u00e9todo (necesitar\u00e1s una clave permanente con firma, certificados digitales o el DNI-e), accede al siguiente enlace: <strong><a href=\"https:\/\/rec.cantabria.es\/rec\/bienvenida.htm?forwardGc=2166\">Solicitud<\/a><\/strong>. Debes realizar una nueva solicitud para cada paquete competencial, incluyendo los est\u00e1ndares de competencia profesional y adjuntando toda la documentaci\u00f3n requerida.<\/li>\n<li><strong>Presentaci\u00f3n en papel<\/strong>: Rellena el <strong><a href=\"https:\/\/www.educantabria.es\/documents\/d\/acredita\/anexo-i-2026\">Anexo I<\/a> <\/strong>tantas veces como paquetes competenciales solicites. Para la documentaci\u00f3n adicional, solo es necesaria una copia. La presentaci\u00f3n en papel puede hacerse en cualquier oficina de registro (Ayuntamientos, Gobierno de Cantabria, Consejer\u00edas, Oficinas de Asistencia en Materia de Registro, etc.). Deber\u00e1 ir dirigido a \u00abProcedimiento de Evaluaci\u00f3n y Acreditaci\u00f3n de Competencias Profesionales\u00bb- \u00abDirecci\u00f3n general de Formaci\u00f3n Profesional y Educaci\u00f3n Permanente\u00bb-\u00abConsejer\u00eda de Educaci\u00f3n, Formaci\u00f3n Profesional y Universidades\u00bb<\/li>\n<\/ul>\n<p><strong>Listados de Admitidos y Excluidos<\/strong><\/p>\n<p>Mensualmente, se publican listados provisionales de admitidos y excluidos. En caso de exclusi\u00f3n por falta de documentaci\u00f3n, dispondr\u00e1s de 10 d\u00edas naturales para subsanar la situaci\u00f3n. Los listados se publican en:<\/p>\n<ul>\n<li>Tabl\u00f3n de anuncios del Gobierno de Cantabria. <strong><a href=\"https:\/\/sede.cantabria.es\/sede\/tablon-electronico-de-anuncios\">Enlace<\/a><\/strong><\/li>\n<li>Portal Acredita Cantabria. <strong><a href=\"https:\/\/acredita.cantabria.es\/\">Enlace<\/a><\/strong><\/li>\n<\/ul>\n<p>Las personas candidatas que aparezcan en el listado definitivo de admitidos ser\u00e1n contactadas por correo o tel\u00e9fono m\u00f3vil para la fase de asesoramiento.<\/p>\n","protected":false},"excerpt":{"rendered":"<p>CONVOCATORIA 2026 &#8211; [Plazo abierto: 5 de marzo 2026 &#8211; 30 noviembre 2026] Resoluci\u00f3n de 24 de febrero, por la que se establece la convocatoria para la evaluaci\u00f3n y acreditaci\u00f3n de las competencias profesionales adquiridas por las personas a trav\u00e9s &hellip; <a href=\"https:\/\/cifpn1.com\/acreditacion\/?page_id=193\">Sigue leyendo <span class=\"meta-nav\">&rarr;<\/span><\/a><\/p>\n","protected":false},"author":2,"featured_media":0,"parent":106,"menu_order":0,"comment_status":"closed","ping_status":"closed","template":"","meta":{"footnotes":""},"class_list":["post-193","page","type-page","status-publish","hentry"],"_links":{"self":[{"href":"https:\/\/cifpn1.com\/acreditacion\/index.php?rest_route=\/wp\/v2\/pages\/193","targetHints":{"allow":["GET"]}}],"collection":[{"href":"https:\/\/cifpn1.com\/acreditacion\/index.php?rest_route=\/wp\/v2\/pages"}],"about":[{"href":"https:\/\/cifpn1.com\/acreditacion\/index.php?rest_route=\/wp\/v2\/types\/page"}],"author":[{"embeddable":true,"href":"https:\/\/cifpn1.com\/acreditacion\/index.php?rest_route=\/wp\/v2\/users\/2"}],"replies":[{"embeddable":true,"href":"https:\/\/cifpn1.com\/acreditacion\/index.php?rest_route=%2Fwp%2Fv2%2Fcomments&post=193"}],"version-history":[{"count":7,"href":"https:\/\/cifpn1.com\/acreditacion\/index.php?rest_route=\/wp\/v2\/pages\/193\/revisions"}],"predecessor-version":[{"id":669,"href":"https:\/\/cifpn1.com\/acreditacion\/index.php?rest_route=\/wp\/v2\/pages\/193\/revisions\/669"}],"up":[{"embeddable":true,"href":"https:\/\/cifpn1.com\/acreditacion\/index.php?rest_route=\/wp\/v2\/pages\/106"}],"wp:attachment":[{"href":"https:\/\/cifpn1.com\/acreditacion\/index.php?rest_route=%2Fwp%2Fv2%2Fmedia&parent=193"}],"curies":[{"name":"wp","href":"https:\/\/api.w.org\/{rel}","templated":true}]}}