{"id":162,"date":"2020-04-06T20:16:55","date_gmt":"2020-04-06T19:16:55","guid":{"rendered":"https:\/\/cifpn1.com\/acreditacion\/?page_id=162"},"modified":"2024-10-10T10:30:43","modified_gmt":"2024-10-10T09:30:43","slug":"pruebas-libres-para-obtencion-de-titulos-de-f-p-logse-y-loe","status":"publish","type":"page","link":"https:\/\/cifpn1.com\/acreditacion\/?page_id=162","title":{"rendered":"Pruebas libres para obtenci\u00f3n de t\u00edtulos de F.P."},"content":{"rendered":"<table class=\"aligncenter\" style=\"width: 100%; border-collapse: collapse; border-style: solid; border-color: #7d7d7d; background-color: #f8fa87;\" border=\"1\" cellspacing=\"5\" cellpadding=\"0\">\n<tbody>\n<tr>\n<td style=\"width: 100%; text-align: justify;\">\n<p>A lo largo del curso, se van convocando ex\u00e1menes para la obtenci\u00f3n de T\u00edtulos de Formaci\u00f3n Profesional de ciclos formativos. Tanto si tienes pendientes m\u00f3dulos de un ciclo que ya no se imparte como si tienes una amplia formaci\u00f3n o experiencia\u00a0 relacionada con los mismos puedes matricularte y realizar pruebas libres para obtener los t\u00edtulos o aprobar los m\u00f3dulos que ten\u00edas pendientes<\/p>\n<\/td>\n<\/tr>\n<\/tbody>\n<\/table>\n<h1 style=\"text-align: justify;\"><a href=\"https:\/\/www.educantabria.es\/fp\/formacion-profesional\/pruebas-libres-fp\"><span style=\"font-size: 12pt;\">Enlace a la convocatoria de PRUEBAS LIBRES en CANTABRIA.<\/span><\/a><\/h1>\n<h1 style=\"text-align: justify;\">\n<a href=\"https:\/\/www.todofp.es\/como-cuando-y-donde-estudiar\/acceso-fp-desde-fp\/pruebas-obtencion-directa\/pruebas-libres\/pruebas-libres-2425.html\"><span style=\"font-size: 12pt;\">Enlace a la convocatoria de PRUEBAS LIBRES todas las C.C.A.A.<\/span><\/a><\/h1>\n<hr \/>\n","protected":false},"excerpt":{"rendered":"<p>A lo largo del curso, se van convocando ex\u00e1menes para la obtenci\u00f3n de T\u00edtulos de Formaci\u00f3n Profesional de ciclos formativos. Tanto si tienes pendientes m\u00f3dulos de un ciclo que ya no se imparte como si tienes una amplia formaci\u00f3n o &hellip; <a href=\"https:\/\/cifpn1.com\/acreditacion\/?page_id=162\">Sigue leyendo <span class=\"meta-nav\">&rarr;<\/span><\/a><\/p>\n","protected":false},"author":2,"featured_media":0,"parent":113,"menu_order":0,"comment_status":"closed","ping_status":"closed","template":"","meta":{"footnotes":""},"class_list":["post-162","page","type-page","status-publish","hentry"],"_links":{"self":[{"href":"https:\/\/cifpn1.com\/acreditacion\/index.php?rest_route=\/wp\/v2\/pages\/162","targetHints":{"allow":["GET"]}}],"collection":[{"href":"https:\/\/cifpn1.com\/acreditacion\/index.php?rest_route=\/wp\/v2\/pages"}],"about":[{"href":"https:\/\/cifpn1.com\/acreditacion\/index.php?rest_route=\/wp\/v2\/types\/page"}],"author":[{"embeddable":true,"href":"https:\/\/cifpn1.com\/acreditacion\/index.php?rest_route=\/wp\/v2\/users\/2"}],"replies":[{"embeddable":true,"href":"https:\/\/cifpn1.com\/acreditacion\/index.php?rest_route=%2Fwp%2Fv2%2Fcomments&post=162"}],"version-history":[{"count":6,"href":"https:\/\/cifpn1.com\/acreditacion\/index.php?rest_route=\/wp\/v2\/pages\/162\/revisions"}],"predecessor-version":[{"id":584,"href":"https:\/\/cifpn1.com\/acreditacion\/index.php?rest_route=\/wp\/v2\/pages\/162\/revisions\/584"}],"up":[{"embeddable":true,"href":"https:\/\/cifpn1.com\/acreditacion\/index.php?rest_route=\/wp\/v2\/pages\/113"}],"wp:attachment":[{"href":"https:\/\/cifpn1.com\/acreditacion\/index.php?rest_route=%2Fwp%2Fv2%2Fmedia&parent=162"}],"curies":[{"name":"wp","href":"https:\/\/api.w.org\/{rel}","templated":true}]}}