{"id":152,"date":"2020-04-06T20:00:52","date_gmt":"2020-04-06T19:00:52","guid":{"rendered":"https:\/\/cifpn1.com\/acreditacion\/?page_id=152"},"modified":"2022-12-21T13:09:25","modified_gmt":"2022-12-21T12:09:25","slug":"convalidaciones","status":"publish","type":"page","link":"https:\/\/cifpn1.com\/acreditacion\/?page_id=152","title":{"rendered":"Convalidaciones"},"content":{"rendered":"<h4>Informaci\u00f3n sobre convalidaciones entre M\u00f3dulos y Ciclos de F.P.<\/h4>\n<ul>\n<li>Enlace al apartado de convalidaciones en <a href=\"https:\/\/todofp.es\/convalidaciones-equivalencias-homologaciones\/convalidaciones.html\" target=\"_blank\" rel=\"nofollow noopener noreferrer\">TodoFP<\/a><\/li>\n<li>Enlace al apartado de convalidaciones en <a href=\"https:\/\/www.educantabria.es\/fr\/fp\/formacion-profesional\/convalidaciones-fp\/convalidaciones\" target=\"_blank\" rel=\"nofollow noopener noreferrer\">Educantabria<\/a><\/li>\n<\/ul>\n<ul>\n<li>Enlace al <a href=\"http:\/\/www.cifpn1.com\/siop\/\" target=\"_blank\" rel=\"nofollow noopener noreferrer\">Dto. de Informaci\u00f3n y Orientaci\u00f3n Profesional<\/a><\/li>\n<\/ul>\n<h4>Informaci\u00f3n sobre convalidaciones entre Ciclos de F.P. y GRADOS<\/h4>\n<ul>\n<li>\n<p><a href=\"http:\/\/web.unican.es\/estudiantesuc\/Paginas\/Reconocimineto-de-creditos-por-estudios-de-formacion-profesional.aspx\" target=\"_blank\" rel=\"noopener noreferrer\">Enlace a la UNIVERSIDAD DE CANTABRIA<\/a><\/p>\n<\/li>\n<\/ul>\n","protected":false},"excerpt":{"rendered":"<p>Informaci\u00f3n sobre convalidaciones entre M\u00f3dulos y Ciclos de F.P. Enlace al apartado de convalidaciones en TodoFP Enlace al apartado de convalidaciones en Educantabria Enlace al Dto. de Informaci\u00f3n y Orientaci\u00f3n Profesional Informaci\u00f3n sobre convalidaciones entre Ciclos de F.P. y GRADOS &hellip; <a href=\"https:\/\/cifpn1.com\/acreditacion\/?page_id=152\">Sigue leyendo <span class=\"meta-nav\">&rarr;<\/span><\/a><\/p>\n","protected":false},"author":2,"featured_media":0,"parent":106,"menu_order":0,"comment_status":"closed","ping_status":"closed","template":"","meta":{"footnotes":""},"class_list":["post-152","page","type-page","status-publish","hentry"],"_links":{"self":[{"href":"https:\/\/cifpn1.com\/acreditacion\/index.php?rest_route=\/wp\/v2\/pages\/152","targetHints":{"allow":["GET"]}}],"collection":[{"href":"https:\/\/cifpn1.com\/acreditacion\/index.php?rest_route=\/wp\/v2\/pages"}],"about":[{"href":"https:\/\/cifpn1.com\/acreditacion\/index.php?rest_route=\/wp\/v2\/types\/page"}],"author":[{"embeddable":true,"href":"https:\/\/cifpn1.com\/acreditacion\/index.php?rest_route=\/wp\/v2\/users\/2"}],"replies":[{"embeddable":true,"href":"https:\/\/cifpn1.com\/acreditacion\/index.php?rest_route=%2Fwp%2Fv2%2Fcomments&post=152"}],"version-history":[{"count":6,"href":"https:\/\/cifpn1.com\/acreditacion\/index.php?rest_route=\/wp\/v2\/pages\/152\/revisions"}],"predecessor-version":[{"id":572,"href":"https:\/\/cifpn1.com\/acreditacion\/index.php?rest_route=\/wp\/v2\/pages\/152\/revisions\/572"}],"up":[{"embeddable":true,"href":"https:\/\/cifpn1.com\/acreditacion\/index.php?rest_route=\/wp\/v2\/pages\/106"}],"wp:attachment":[{"href":"https:\/\/cifpn1.com\/acreditacion\/index.php?rest_route=%2Fwp%2Fv2%2Fmedia&parent=152"}],"curies":[{"name":"wp","href":"https:\/\/api.w.org\/{rel}","templated":true}]}}