{"id":147,"date":"2020-04-06T19:55:13","date_gmt":"2020-04-06T18:55:13","guid":{"rendered":"https:\/\/cifpn1.com\/acreditacion\/?page_id=147"},"modified":"2022-09-22T18:08:19","modified_gmt":"2022-09-22T17:08:19","slug":"correspondencia-entre-ciclos-de-f-p-y-certificados-de-profesionalidad","status":"publish","type":"page","link":"https:\/\/cifpn1.com\/acreditacion\/?page_id=147","title":{"rendered":"Correspondencia entre Ciclos de F.P. y Certificados de profesionalidad"},"content":{"rendered":"<p style=\"text-align: justify;\">Si vas a realizar cursos de EMCAN, tienes un t\u00edtulo de\u00a0Formaci\u00f3n Profesional o no has podido finalizar tus estudios por diversas razones, los cuadros a los que te env\u00edan los enlaces indican las correspondencias existentes entre los ciclos de FP y los certificados de profesionalidad, con ellos podr\u00e1s analizar que unidades formativas o m\u00f3dulos profesionales necesitas cursar para completar un certificado o un ciclo.<\/p>\n<table class=\"aligncenter\" style=\"width: 99.3572%; border-style: solid; border-color: #808080; height: 919px;\" border=\"1\" width=\"100%\" cellspacing=\"5\" cellpadding=\"0\">\n<thead>\n<tr style=\"height: 18px;\">\n<th style=\"width: 64.0665%; background-color: #f5f1c1; vertical-align: middle; height: 18px;\"><strong>CICLO FORMATIVO<br \/>\n<\/strong><\/th>\n<th style=\"width: 35.8056%; background-color: #f5f1c1; vertical-align: middle; height: 18px;\"><strong>CERTIFICADOS DE PROFESIONALIDAD<br \/>\n<\/strong><\/th>\n<\/tr>\n<\/thead>\n<tbody>\n<tr style=\"height: 57px;\">\n<td style=\"width: 64.0665%; height: 57px;\"><a href=\"https:\/\/drive.google.com\/file\/d\/1S2eC7EZDl_mpE9NC4f2OMT7wXQNofpHB\/view?usp=sharing\">Instalaciones de Telecomunicaciones<\/a><\/td>\n<td style=\"width: 35.8056%; height: 57px;\">\u00a0ELES0108, ELES0109, ELES0209<\/td>\n<\/tr>\n<tr style=\"height: 57px;\">\n<td style=\"width: 64.0665%; height: 57px;\"><a href=\"https:\/\/drive.google.com\/file\/d\/1LSkf6sSHTJXnwybvKo_ftTncXJ321wC8\/view?usp=sharing\">Instalaciones El\u00e9ctricas y Autom\u00e1ticas<\/a><\/td>\n<td style=\"width: 35.8056%; height: 57px;\">ELES0108, ELEE0109<\/td>\n<\/tr>\n<tr style=\"height: 57px;\">\n<td style=\"width: 64.0665%; height: 57px;\"><a href=\"https:\/\/drive.google.com\/file\/d\/1ED5qSxuB9SUMVAsWhDzF52yNHAq_Lm0i\/view?usp=sharing\">T\u00e9cnico en Mecanizado<\/a><\/td>\n<td style=\"width: 35.8056%; height: 57px;\">FMEH0109, FMEH0209, FMEH0409<\/td>\n<\/tr>\n<tr style=\"height: 57px;\">\n<td style=\"width: 64.0665%; height: 72px;\"><a href=\"https:\/\/drive.google.com\/file\/d\/1M7MbQWe9xYLTWyWYx7vsv358sDiQiIri\/view?usp=sharing\">T\u00e9cnico en Carrocer\u00eda<\/a><\/td>\n<td style=\"width: 35.8056%; height: 72px;\">TMVL0209, TMVL0309, TMVL0509<\/td>\n<\/tr>\n<tr style=\"height: 57px;\">\n<td style=\"width: 64.0665%; height: 57px;\"><a href=\"https:\/\/drive.google.com\/file\/d\/1TwTPF_WMThm5D_agjEwIxlYiGy4eEryb\/view?usp=sharing\">T\u00e9cnico en Electromec\u00e1nica de Veh\u00edculos Autom\u00f3viles<\/a><\/td>\n<td style=\"width: 35.8056%; height: 57px;\">TMVG0209, TMVG0309, TMVG0409<\/td>\n<\/tr>\n<tr style=\"height: 57px;\">\n<td style=\"width: 64.0665%; height: 57px;\"><a href=\"https:\/\/drive.google.com\/file\/d\/1UexR_xz5_UF7C1JzqZMYDuuzenWZQGZc\/view?usp=sharing\">Tecnico Superior en Automoci\u00f3n<\/a><\/td>\n<td style=\"width: 35.8056%; height: 57px;\">TMVL0609, TMVG0110<\/td>\n<\/tr>\n<tr style=\"height: 57px;\">\n<td style=\"width: 64.0665%; height: 57px;\"><a href=\"https:\/\/drive.google.com\/file\/d\/1RMQeQsjAlNIOPt4RjrcIM0813r8sPXvM\/view?usp=sharing\">T. S. Sistemas Electrot\u00e9cnicos y Automatizados<\/a><\/td>\n<td style=\"width: 35.8056%; height: 57px;\">ELEE0110, ELEE0210, ELEE0310, ELEE0610<\/td>\n<\/tr>\n<tr style=\"height: 57px;\">\n<td style=\"width: 64.0665%; height: 57px;\"><a href=\"https:\/\/drive.google.com\/file\/d\/1rMUfqliwVvuASXwIweAdicYc4KgKBnBp\/view?usp=sharing\">T. S. en Programaci\u00f3n de la Producci\u00f3n en Fabricaci\u00f3n Mec\u00e1nica<\/a><\/td>\n<td style=\"width: 35.8056%; height: 57px;\">FMEM0109, MEM0209<\/td>\n<\/tr>\n<tr style=\"height: 57px;\">\n<td style=\"width: 64.0665%; height: 57px;\"><a href=\"https:\/\/drive.google.com\/file\/d\/1ks-8EdoMSYwBRbAcuudKI0zFIahloZ0t\/view?usp=sharing\">Tecnico Superior en Mantenimiento Electr\u00f3nico<\/a><\/td>\n<td style=\"width: 35.8056%; height: 57px;\">ELES0411, ELEQ0311<\/td>\n<\/tr>\n<tr style=\"height: 57px;\">\n<td style=\"width: 64.0665%; height: 57px;\"><a href=\"https:\/\/drive.google.com\/file\/d\/1QG2Dgfgij95pWdZR0C-ikIKiLf4fuNIV\/view?usp=sharing\">T\u00e9cnico Superior en Electromedicina Cl\u00ednica<\/a><\/td>\n<td style=\"width: 35.8056%; height: 57px;\">ELEQ0208<\/td>\n<\/tr>\n<tr style=\"height: 120px;\">\n<td style=\"width: 64.0665%; height: 120px;\"><a href=\"https:\/\/drive.google.com\/file\/d\/1NhcRW4Z3XFKIzDKvq_9_OG4giEV8Pxdv\/view?usp=sharing\">T\u00e9cnico Superior en Mantenimiento y Control de Maquinaria de Buques y Embarcaciones<\/a><\/td>\n<td style=\"width: 35.8056%; height: 120px;\">TMVU0212, TMVU0112, MAPN0612<\/td>\n<\/tr>\n<\/tbody>\n<\/table>\n","protected":false},"excerpt":{"rendered":"<p>Si vas a realizar cursos de EMCAN, tienes un t\u00edtulo de\u00a0Formaci\u00f3n Profesional o no has podido finalizar tus estudios por diversas razones, los cuadros a los que te env\u00edan los enlaces indican las correspondencias existentes entre los ciclos de FP &hellip; <a href=\"https:\/\/cifpn1.com\/acreditacion\/?page_id=147\">Sigue leyendo <span class=\"meta-nav\">&rarr;<\/span><\/a><\/p>\n","protected":false},"author":2,"featured_media":0,"parent":106,"menu_order":0,"comment_status":"closed","ping_status":"closed","template":"","meta":{"footnotes":""},"class_list":["post-147","page","type-page","status-publish","hentry"],"_links":{"self":[{"href":"https:\/\/cifpn1.com\/acreditacion\/index.php?rest_route=\/wp\/v2\/pages\/147","targetHints":{"allow":["GET"]}}],"collection":[{"href":"https:\/\/cifpn1.com\/acreditacion\/index.php?rest_route=\/wp\/v2\/pages"}],"about":[{"href":"https:\/\/cifpn1.com\/acreditacion\/index.php?rest_route=\/wp\/v2\/types\/page"}],"author":[{"embeddable":true,"href":"https:\/\/cifpn1.com\/acreditacion\/index.php?rest_route=\/wp\/v2\/users\/2"}],"replies":[{"embeddable":true,"href":"https:\/\/cifpn1.com\/acreditacion\/index.php?rest_route=%2Fwp%2Fv2%2Fcomments&post=147"}],"version-history":[{"count":8,"href":"https:\/\/cifpn1.com\/acreditacion\/index.php?rest_route=\/wp\/v2\/pages\/147\/revisions"}],"predecessor-version":[{"id":559,"href":"https:\/\/cifpn1.com\/acreditacion\/index.php?rest_route=\/wp\/v2\/pages\/147\/revisions\/559"}],"up":[{"embeddable":true,"href":"https:\/\/cifpn1.com\/acreditacion\/index.php?rest_route=\/wp\/v2\/pages\/106"}],"wp:attachment":[{"href":"https:\/\/cifpn1.com\/acreditacion\/index.php?rest_route=%2Fwp%2Fv2%2Fmedia&parent=147"}],"curies":[{"name":"wp","href":"https:\/\/api.w.org\/{rel}","templated":true}]}}