{"id":128,"date":"2020-04-06T19:32:22","date_gmt":"2020-04-06T18:32:22","guid":{"rendered":"https:\/\/cifpn1.com\/acreditacion\/?page_id=128"},"modified":"2024-10-10T10:24:06","modified_gmt":"2024-10-10T09:24:06","slug":"convocatorias-titulo-eso-en-cantabria","status":"publish","type":"page","link":"https:\/\/cifpn1.com\/acreditacion\/?page_id=128","title":{"rendered":"Convocatorias para obtenci\u00f3n de t\u00edtulo ESO en Cantabria"},"content":{"rendered":"<p>La superaci\u00f3n de estas pruebas libres permite obtener directamente el T\u00edtulo de Graduado en Educaci\u00f3n Secundaria Obligatoria\u00a0(ESO).\u00a0<\/p>\n<p>Estas pruebas se convocan una vez al a\u00f1o y su superaci\u00f3n total o parcial, tiene validez a nivel nacional.<\/p>\n<p>Puede consultar toda la informaci\u00f3n de la convocatoria vigente en el siguiente<strong> <a href=\"https:\/\/www.educantabria.es\/web\/educantabria\/fp\/epa\/pruebas-geso\">enlace<\/a><\/strong><\/p>\n","protected":false},"excerpt":{"rendered":"<p>La superaci\u00f3n de estas pruebas libres permite obtener directamente el T\u00edtulo de Graduado en Educaci\u00f3n Secundaria Obligatoria\u00a0(ESO).\u00a0 Estas pruebas se convocan una vez al a\u00f1o y su superaci\u00f3n total o parcial, tiene validez a nivel nacional. Puede consultar toda la &hellip; <a href=\"https:\/\/cifpn1.com\/acreditacion\/?page_id=128\">Sigue leyendo <span class=\"meta-nav\">&rarr;<\/span><\/a><\/p>\n","protected":false},"author":2,"featured_media":0,"parent":113,"menu_order":0,"comment_status":"closed","ping_status":"closed","template":"","meta":{"footnotes":""},"class_list":["post-128","page","type-page","status-publish","hentry"],"_links":{"self":[{"href":"https:\/\/cifpn1.com\/acreditacion\/index.php?rest_route=\/wp\/v2\/pages\/128","targetHints":{"allow":["GET"]}}],"collection":[{"href":"https:\/\/cifpn1.com\/acreditacion\/index.php?rest_route=\/wp\/v2\/pages"}],"about":[{"href":"https:\/\/cifpn1.com\/acreditacion\/index.php?rest_route=\/wp\/v2\/types\/page"}],"author":[{"embeddable":true,"href":"https:\/\/cifpn1.com\/acreditacion\/index.php?rest_route=\/wp\/v2\/users\/2"}],"replies":[{"embeddable":true,"href":"https:\/\/cifpn1.com\/acreditacion\/index.php?rest_route=%2Fwp%2Fv2%2Fcomments&post=128"}],"version-history":[{"count":5,"href":"https:\/\/cifpn1.com\/acreditacion\/index.php?rest_route=\/wp\/v2\/pages\/128\/revisions"}],"predecessor-version":[{"id":581,"href":"https:\/\/cifpn1.com\/acreditacion\/index.php?rest_route=\/wp\/v2\/pages\/128\/revisions\/581"}],"up":[{"embeddable":true,"href":"https:\/\/cifpn1.com\/acreditacion\/index.php?rest_route=\/wp\/v2\/pages\/113"}],"wp:attachment":[{"href":"https:\/\/cifpn1.com\/acreditacion\/index.php?rest_route=%2Fwp%2Fv2%2Fmedia&parent=128"}],"curies":[{"name":"wp","href":"https:\/\/api.w.org\/{rel}","templated":true}]}}