{"id":116,"date":"2020-04-06T19:26:46","date_gmt":"2020-04-06T18:26:46","guid":{"rendered":"https:\/\/cifpn1.com\/acreditacion\/?page_id=116"},"modified":"2024-10-10T10:18:45","modified_gmt":"2024-10-10T09:18:45","slug":"convocatorias-vigentes","status":"publish","type":"page","link":"https:\/\/cifpn1.com\/acreditacion\/?page_id=116","title":{"rendered":"Convocatorias vigentes"},"content":{"rendered":"<table class=\"aligncenter\" style=\"width: 100%; border-collapse: collapse; border-color: #616161; background-color: #f7e3b0;\" border=\"1\" cellspacing=\"5\" cellpadding=\"0\">\n<tbody>\n<tr>\n<td style=\"width: 100%; text-align: justify;\">Esta<strong> informaci\u00f3n es de car\u00e1cter orientativo<\/strong> y se actualiza con los datos recabados por el Ministerio de Educaci\u00f3n, Cultura y Deporte, as\u00ed como con los suministrados por las Comunidades Aut\u00f3nomas. No obstante, esta informaci\u00f3n <strong>debe en todo caso ser verificada con los contenidos de la p\u00e1gina WEB<\/strong> de la Comunidad Aut\u00f3noma en la que tenga usted inter\u00e9s en presentarse.<\/td>\n<\/tr>\n<\/tbody>\n<\/table>\n<h2>\u00a0<\/h2>\n<div>\n<div>\n<div>\n<p style=\"text-align: justify; padding-left: 40px;\"><span style=\"font-family: tahoma,arial,helvetica,sans-serif; font-size: 12pt;\">En el siguiente enlace, puede consultar informaci\u00f3n relativa a las convocatorias del\u00a0 <strong><em>Procedimiento de Evaluaci\u00f3n y Acreditaci\u00f3n de las Competencias Profesionales<\/em><\/strong> adquiridas por la experiencia laboral o por v\u00edas no formales de formaci\u00f3n en la mayor\u00eda de las Comunidades Aut\u00f3nomas<\/span><\/p>\n<\/div>\n<div>\n<div>\u00a0<\/div>\n<\/div>\n<\/div>\n<div>\n<div>\n<div>\n<div>\n<div>\n<ul>\n<li><a href=\"https:\/\/www.todofp.es\/acreditacion-de-competencias.html\"><strong>Enlace a la convocatoria de todas las C.C.A.A.<\/strong><\/a><\/li>\n<\/ul>\n<\/div>\n<\/div>\n<\/div>\n<\/div>\n<\/div>\n<\/div>\n","protected":false},"excerpt":{"rendered":"<p>Esta informaci\u00f3n es de car\u00e1cter orientativo y se actualiza con los datos recabados por el Ministerio de Educaci\u00f3n, Cultura y Deporte, as\u00ed como con los suministrados por las Comunidades Aut\u00f3nomas. No obstante, esta informaci\u00f3n debe en todo caso ser verificada &hellip; <a href=\"https:\/\/cifpn1.com\/acreditacion\/?page_id=116\">Sigue leyendo <span class=\"meta-nav\">&rarr;<\/span><\/a><\/p>\n","protected":false},"author":2,"featured_media":0,"parent":113,"menu_order":0,"comment_status":"closed","ping_status":"closed","template":"","meta":{"footnotes":""},"class_list":["post-116","page","type-page","status-publish","hentry"],"_links":{"self":[{"href":"https:\/\/cifpn1.com\/acreditacion\/index.php?rest_route=\/wp\/v2\/pages\/116","targetHints":{"allow":["GET"]}}],"collection":[{"href":"https:\/\/cifpn1.com\/acreditacion\/index.php?rest_route=\/wp\/v2\/pages"}],"about":[{"href":"https:\/\/cifpn1.com\/acreditacion\/index.php?rest_route=\/wp\/v2\/types\/page"}],"author":[{"embeddable":true,"href":"https:\/\/cifpn1.com\/acreditacion\/index.php?rest_route=\/wp\/v2\/users\/2"}],"replies":[{"embeddable":true,"href":"https:\/\/cifpn1.com\/acreditacion\/index.php?rest_route=%2Fwp%2Fv2%2Fcomments&post=116"}],"version-history":[{"count":6,"href":"https:\/\/cifpn1.com\/acreditacion\/index.php?rest_route=\/wp\/v2\/pages\/116\/revisions"}],"predecessor-version":[{"id":579,"href":"https:\/\/cifpn1.com\/acreditacion\/index.php?rest_route=\/wp\/v2\/pages\/116\/revisions\/579"}],"up":[{"embeddable":true,"href":"https:\/\/cifpn1.com\/acreditacion\/index.php?rest_route=\/wp\/v2\/pages\/113"}],"wp:attachment":[{"href":"https:\/\/cifpn1.com\/acreditacion\/index.php?rest_route=%2Fwp%2Fv2%2Fmedia&parent=116"}],"curies":[{"name":"wp","href":"https:\/\/api.w.org\/{rel}","templated":true}]}}